{"id":7913,"date":"2021-03-29T14:09:06","date_gmt":"2021-03-29T12:09:06","guid":{"rendered":"https:\/\/desjeuxunefois.be\/?page_id=7913"},"modified":"2024-10-21T17:19:34","modified_gmt":"2024-10-21T15:19:34","slug":"bruxelles-capitale","status":"publish","type":"page","link":"https:\/\/desjeuxunefois.be\/index.php\/carte-des-lieux-ludiques-belges\/bruxelles-capitale\/","title":{"rendered":"Bruxelles-Capitale"},"content":{"rendered":"\n<p>Voici les diff\u00e9rents lieux ludiques que tu peux retrouver sur la R\u00e9gion de Bruxelles et qu&rsquo;on a couverts.  PS: certains lieux qu&rsquo;on a couverts n&rsquo;existent malheureusement plus. C&rsquo;est pourquoi ils ne sont pas repris. <\/p>\n\n\n\n<h2 class=\"wp-block-heading\">Les ludoth\u00e8ques<\/h2>\n\n\n<ul class=\"wp-block-latest-posts__list is-grid columns-3 wp-block-latest-posts\"><li><div class=\"wp-block-latest-posts__featured-image\"><a href=\"https:\/\/desjeuxunefois.be\/index.php\/2023\/10\/13\/ludeo-de-la-presentation-une-fois\/\" aria-label=\"Ludeo: de la pr\u00e9sentation une fois\"><img loading=\"lazy\" decoding=\"async\" width=\"300\" height=\"120\" src=\"https:\/\/desjeuxunefois.be\/wp-content\/uploads\/2023\/10\/Ludeo-300x120.jpg\" class=\"attachment-medium size-medium wp-post-image\" alt=\"\" style=\"\" srcset=\"https:\/\/desjeuxunefois.be\/wp-content\/uploads\/2023\/10\/Ludeo-300x120.jpg 300w, https:\/\/desjeuxunefois.be\/wp-content\/uploads\/2023\/10\/Ludeo-768x307.jpg 768w, https:\/\/desjeuxunefois.be\/wp-content\/uploads\/2023\/10\/Ludeo.jpg 1000w\" sizes=\"auto, (max-width: 300px) 100vw, 300px\" \/><\/a><\/div><a class=\"wp-block-latest-posts__post-title\" href=\"https:\/\/desjeuxunefois.be\/index.php\/2023\/10\/13\/ludeo-de-la-presentation-une-fois\/\">Ludeo: de la pr\u00e9sentation une fois<\/a><\/li>\n<li><div class=\"wp-block-latest-posts__featured-image\"><a href=\"https:\/\/desjeuxunefois.be\/index.php\/2023\/09\/22\/ludobox\/\" aria-label=\"Ludobox\"><img loading=\"lazy\" decoding=\"async\" width=\"300\" height=\"120\" src=\"https:\/\/desjeuxunefois.be\/wp-content\/uploads\/2023\/09\/Ludobox-1-300x120.jpg\" class=\"attachment-medium size-medium wp-post-image\" alt=\"\" style=\"\" srcset=\"https:\/\/desjeuxunefois.be\/wp-content\/uploads\/2023\/09\/Ludobox-1-300x120.jpg 300w, https:\/\/desjeuxunefois.be\/wp-content\/uploads\/2023\/09\/Ludobox-1-768x307.jpg 768w, https:\/\/desjeuxunefois.be\/wp-content\/uploads\/2023\/09\/Ludobox-1.jpg 1000w\" sizes=\"auto, (max-width: 300px) 100vw, 300px\" \/><\/a><\/div><a class=\"wp-block-latest-posts__post-title\" href=\"https:\/\/desjeuxunefois.be\/index.php\/2023\/09\/22\/ludobox\/\">Ludobox<\/a><\/li>\n<li><div class=\"wp-block-latest-posts__featured-image\"><a href=\"https:\/\/desjeuxunefois.be\/index.php\/2021\/11\/11\/luape\/\" aria-label=\"Luape\"><img loading=\"lazy\" decoding=\"async\" width=\"300\" height=\"120\" src=\"https:\/\/desjeuxunefois.be\/wp-content\/uploads\/2021\/11\/06F3729C-A298-4585-B232-06DA70E30208-300x120.jpeg\" class=\"attachment-medium size-medium wp-post-image\" alt=\"\" style=\"\" srcset=\"https:\/\/desjeuxunefois.be\/wp-content\/uploads\/2021\/11\/06F3729C-A298-4585-B232-06DA70E30208-300x120.jpeg 300w, https:\/\/desjeuxunefois.be\/wp-content\/uploads\/2021\/11\/06F3729C-A298-4585-B232-06DA70E30208-768x307.jpeg 768w, https:\/\/desjeuxunefois.be\/wp-content\/uploads\/2021\/11\/06F3729C-A298-4585-B232-06DA70E30208.jpeg 1000w\" sizes=\"auto, (max-width: 300px) 100vw, 300px\" \/><\/a><\/div><a class=\"wp-block-latest-posts__post-title\" href=\"https:\/\/desjeuxunefois.be\/index.php\/2021\/11\/11\/luape\/\">Luape<\/a><\/li>\n<li><div class=\"wp-block-latest-posts__featured-image\"><a href=\"https:\/\/desjeuxunefois.be\/index.php\/2020\/03\/03\/ludotheque\/\" aria-label=\"Ludoth\u00e8que S\u00e9same : une p\u00e9pite ludique \u00e0 Schaerbeek\"><img loading=\"lazy\" decoding=\"async\" width=\"300\" height=\"218\" src=\"https:\/\/desjeuxunefois.be\/wp-content\/uploads\/2020\/02\/84761769_10158021805827889_716552337706975232_n-300x218.jpg\" class=\"attachment-medium size-medium wp-post-image\" alt=\"\" style=\"\" srcset=\"https:\/\/desjeuxunefois.be\/wp-content\/uploads\/2020\/02\/84761769_10158021805827889_716552337706975232_n-300x218.jpg 300w, https:\/\/desjeuxunefois.be\/wp-content\/uploads\/2020\/02\/84761769_10158021805827889_716552337706975232_n.jpg 550w\" sizes=\"auto, (max-width: 300px) 100vw, 300px\" \/><\/a><\/div><a class=\"wp-block-latest-posts__post-title\" href=\"https:\/\/desjeuxunefois.be\/index.php\/2020\/03\/03\/ludotheque\/\">Ludoth\u00e8que S\u00e9same : une p\u00e9pite ludique \u00e0 Schaerbeek<\/a><\/li>\n<\/ul>\n\n\n<h3 class=\"wp-block-heading\">Les boutiques<\/h3>\n\n\n<ul class=\"wp-block-latest-posts__list is-grid columns-3 wp-block-latest-posts\"><li><div class=\"wp-block-latest-posts__featured-image\"><img loading=\"lazy\" decoding=\"async\" width=\"150\" height=\"150\" src=\"https:\/\/desjeuxunefois.be\/wp-content\/uploads\/2024\/12\/Le-Meeple-Lecteur-150x150.png\" class=\"attachment-thumbnail size-thumbnail wp-post-image\" alt=\"\" style=\"\" \/><\/div><a class=\"wp-block-latest-posts__post-title\" href=\"https:\/\/desjeuxunefois.be\/index.php\/2025\/01\/09\/le-meeple-lecteur\/\">Le Meeple Lecteur<\/a><\/li>\n<li><div class=\"wp-block-latest-posts__featured-image\"><img loading=\"lazy\" decoding=\"async\" width=\"150\" height=\"150\" src=\"https:\/\/desjeuxunefois.be\/wp-content\/uploads\/2016\/04\/23331350_981455775325604_2851085559947043264_o-150x150.jpg\" class=\"attachment-thumbnail size-thumbnail wp-post-image\" alt=\"\" style=\"\" srcset=\"https:\/\/desjeuxunefois.be\/wp-content\/uploads\/2016\/04\/23331350_981455775325604_2851085559947043264_o-150x150.jpg 150w, https:\/\/desjeuxunefois.be\/wp-content\/uploads\/2016\/04\/23331350_981455775325604_2851085559947043264_o-300x300.jpg 300w, https:\/\/desjeuxunefois.be\/wp-content\/uploads\/2016\/04\/23331350_981455775325604_2851085559947043264_o-1024x1024.jpg 1024w, https:\/\/desjeuxunefois.be\/wp-content\/uploads\/2016\/04\/23331350_981455775325604_2851085559947043264_o-768x768.jpg 768w, https:\/\/desjeuxunefois.be\/wp-content\/uploads\/2016\/04\/23331350_981455775325604_2851085559947043264_o.jpg 1359w\" sizes=\"auto, (max-width: 150px) 100vw, 150px\" \/><\/div><a class=\"wp-block-latest-posts__post-title\" href=\"https:\/\/desjeuxunefois.be\/index.php\/2016\/04\/14\/dedale\/\">D\u00e9dale<\/a><\/li>\n<li><div class=\"wp-block-latest-posts__featured-image\"><img loading=\"lazy\" decoding=\"async\" width=\"150\" height=\"150\" src=\"https:\/\/desjeuxunefois.be\/wp-content\/uploads\/2015\/07\/461590696_1056933209775686_6980357207678459276_n-150x150.jpg\" class=\"attachment-thumbnail size-thumbnail wp-post-image\" alt=\"\" style=\"\" \/><\/div><a class=\"wp-block-latest-posts__post-title\" href=\"https:\/\/desjeuxunefois.be\/index.php\/2015\/07\/02\/sajou\/\">Sajou<\/a><\/li>\n<\/ul>\n\n\n<h2 class=\"wp-block-heading\">Les associations<\/h2>\n\n\n<ul class=\"wp-block-latest-posts__list is-grid columns-3 wp-block-latest-posts\"><li><div class=\"wp-block-latest-posts__featured-image\"><img loading=\"lazy\" decoding=\"async\" width=\"150\" height=\"150\" src=\"https:\/\/desjeuxunefois.be\/wp-content\/uploads\/2024\/01\/Brussels-Mahjong-Club-150x150.jpg\" class=\"attachment-thumbnail size-thumbnail wp-post-image\" alt=\"\" style=\"\" \/><\/div><a class=\"wp-block-latest-posts__post-title\" href=\"https:\/\/desjeuxunefois.be\/index.php\/2024\/01\/04\/premier-club-de-mahjong-bruxelles\/\">Brussels Mahjong Club : Interview de Piti Phanpanich<\/a><\/li>\n<li><div class=\"wp-block-latest-posts__featured-image\"><img loading=\"lazy\" decoding=\"async\" width=\"150\" height=\"150\" src=\"https:\/\/desjeuxunefois.be\/wp-content\/uploads\/2017\/09\/376405480_693579086136053_2802703526324552383_n-150x150.jpg\" class=\"attachment-thumbnail size-thumbnail wp-post-image\" alt=\"\" style=\"\" srcset=\"https:\/\/desjeuxunefois.be\/wp-content\/uploads\/2017\/09\/376405480_693579086136053_2802703526324552383_n-150x150.jpg 150w, https:\/\/desjeuxunefois.be\/wp-content\/uploads\/2017\/09\/376405480_693579086136053_2802703526324552383_n-300x300.jpg 300w, https:\/\/desjeuxunefois.be\/wp-content\/uploads\/2017\/09\/376405480_693579086136053_2802703526324552383_n-768x768.jpg 768w, https:\/\/desjeuxunefois.be\/wp-content\/uploads\/2017\/09\/376405480_693579086136053_2802703526324552383_n.jpg 1024w\" sizes=\"auto, (max-width: 150px) 100vw, 150px\" \/><\/div><a class=\"wp-block-latest-posts__post-title\" href=\"https:\/\/desjeuxunefois.be\/index.php\/2017\/09\/21\/audergames\/\">Auder&rsquo;Games devient Woluwe Gaming Society<\/a><\/li>\n<li><div class=\"wp-block-latest-posts__featured-image\"><img loading=\"lazy\" decoding=\"async\" width=\"150\" height=\"150\" src=\"https:\/\/desjeuxunefois.be\/wp-content\/uploads\/2017\/07\/308057721_468623165304701_7365194542556160896_n-150x150.png\" class=\"attachment-thumbnail size-thumbnail wp-post-image\" alt=\"\" style=\"\" srcset=\"https:\/\/desjeuxunefois.be\/wp-content\/uploads\/2017\/07\/308057721_468623165304701_7365194542556160896_n-150x150.png 150w, https:\/\/desjeuxunefois.be\/wp-content\/uploads\/2017\/07\/308057721_468623165304701_7365194542556160896_n.png 250w\" sizes=\"auto, (max-width: 150px) 100vw, 150px\" \/><\/div><a class=\"wp-block-latest-posts__post-title\" href=\"https:\/\/desjeuxunefois.be\/index.php\/2017\/07\/13\/de-joueur\/\">D\u00e9 Joueur<\/a><\/li>\n<\/ul>\n\n\n<h2 class=\"wp-block-heading\">Les bars \u00e0 jeux<\/h2>\n\n\n<ul class=\"wp-block-latest-posts__list is-grid columns-3 wp-block-latest-posts\"><li><div class=\"wp-block-latest-posts__featured-image\"><img loading=\"lazy\" decoding=\"async\" width=\"150\" height=\"150\" src=\"https:\/\/desjeuxunefois.be\/wp-content\/uploads\/2019\/10\/La-Copine-Geek-Kings-Queens-Cafe-150x150.jpg\" class=\"attachment-thumbnail size-thumbnail wp-post-image\" alt=\"\" style=\"\" \/><\/div><a class=\"wp-block-latest-posts__post-title\" href=\"https:\/\/desjeuxunefois.be\/index.php\/2019\/10\/15\/kings-queens-cafe\/\">Kings &#038; Queens Caf\u00e9<\/a><\/li>\n<\/ul>","protected":false},"excerpt":{"rendered":"<p class=\"text-justify\">Voici les diff\u00e9rents lieux ludiques que tu peux retrouver sur la R\u00e9gion de Bruxelles et qu&rsquo;on a couverts. PS: certains lieux qu&rsquo;on [&hellip;]<\/p>\n","protected":false},"author":10,"featured_media":26255,"parent":9053,"menu_order":0,"comment_status":"closed","ping_status":"closed","template":"","meta":{"_exactmetrics_skip_tracking":false,"_exactmetrics_sitenote_active":false,"_exactmetrics_sitenote_note":"","_exactmetrics_sitenote_category":0,"footnotes":""},"ppma_author":[336],"class_list":["post-7913","page","type-page","status-publish","has-post-thumbnail","hentry"],"yoast_head":"<!-- This site is optimized with the Yoast SEO plugin v27.4 - https:\/\/yoast.com\/product\/yoast-seo-wordpress\/ -->\n<title>Bruxelles-Capitale - Des Jeux Une Fois<\/title>\n<meta name=\"robots\" content=\"index, follow, max-snippet:-1, max-image-preview:large, max-video-preview:-1\" \/>\n<link rel=\"canonical\" href=\"https:\/\/desjeuxunefois.be\/index.php\/carte-des-lieux-ludiques-belges\/bruxelles-capitale\/\" \/>\n<meta property=\"og:locale\" content=\"fr_FR\" \/>\n<meta property=\"og:type\" content=\"article\" \/>\n<meta property=\"og:title\" content=\"Bruxelles-Capitale - Des Jeux Une Fois\" \/>\n<meta property=\"og:description\" content=\"Voici les diff\u00e9rents lieux ludiques que tu peux retrouver sur la R\u00e9gion de Bruxelles et qu&rsquo;on a couverts. PS: certains lieux qu&rsquo;on [&hellip;]\" \/>\n<meta property=\"og:url\" content=\"https:\/\/desjeuxunefois.be\/index.php\/carte-des-lieux-ludiques-belges\/bruxelles-capitale\/\" \/>\n<meta property=\"og:site_name\" content=\"Des Jeux Une Fois\" \/>\n<meta property=\"article:publisher\" content=\"https:\/\/www.facebook.com\/desjeuxunefois\" \/>\n<meta property=\"article:modified_time\" content=\"2024-10-21T15:19:34+00:00\" \/>\n<meta property=\"og:image\" content=\"https:\/\/desjeuxunefois.be\/wp-content\/uploads\/2024\/10\/ffed0262-add5-4556-9563-63bdeaa397b8.webp\" \/>\n\t<meta property=\"og:image:width\" content=\"1024\" \/>\n\t<meta property=\"og:image:height\" content=\"1024\" \/>\n\t<meta property=\"og:image:type\" content=\"image\/webp\" \/>\n<meta name=\"twitter:card\" content=\"summary_large_image\" \/>\n<meta name=\"twitter:site\" content=\"@DesJeuxUneFois\" \/>\n<script type=\"application\/ld+json\" class=\"yoast-schema-graph\">{\"@context\":\"https:\\\/\\\/schema.org\",\"@graph\":[{\"@type\":\"WebPage\",\"@id\":\"https:\\\/\\\/desjeuxunefois.be\\\/index.php\\\/carte-des-lieux-ludiques-belges\\\/bruxelles-capitale\\\/\",\"url\":\"https:\\\/\\\/desjeuxunefois.be\\\/index.php\\\/carte-des-lieux-ludiques-belges\\\/bruxelles-capitale\\\/\",\"name\":\"Bruxelles-Capitale - Des Jeux Une Fois\",\"isPartOf\":{\"@id\":\"https:\\\/\\\/desjeuxunefois.be\\\/#website\"},\"primaryImageOfPage\":{\"@id\":\"https:\\\/\\\/desjeuxunefois.be\\\/index.php\\\/carte-des-lieux-ludiques-belges\\\/bruxelles-capitale\\\/#primaryimage\"},\"image\":{\"@id\":\"https:\\\/\\\/desjeuxunefois.be\\\/index.php\\\/carte-des-lieux-ludiques-belges\\\/bruxelles-capitale\\\/#primaryimage\"},\"thumbnailUrl\":\"https:\\\/\\\/desjeuxunefois.be\\\/wp-content\\\/uploads\\\/2024\\\/10\\\/ffed0262-add5-4556-9563-63bdeaa397b8.webp\",\"datePublished\":\"2021-03-29T12:09:06+00:00\",\"dateModified\":\"2024-10-21T15:19:34+00:00\",\"breadcrumb\":{\"@id\":\"https:\\\/\\\/desjeuxunefois.be\\\/index.php\\\/carte-des-lieux-ludiques-belges\\\/bruxelles-capitale\\\/#breadcrumb\"},\"inLanguage\":\"fr-FR\",\"potentialAction\":[{\"@type\":\"ReadAction\",\"target\":[\"https:\\\/\\\/desjeuxunefois.be\\\/index.php\\\/carte-des-lieux-ludiques-belges\\\/bruxelles-capitale\\\/\"]}]},{\"@type\":\"ImageObject\",\"inLanguage\":\"fr-FR\",\"@id\":\"https:\\\/\\\/desjeuxunefois.be\\\/index.php\\\/carte-des-lieux-ludiques-belges\\\/bruxelles-capitale\\\/#primaryimage\",\"url\":\"https:\\\/\\\/desjeuxunefois.be\\\/wp-content\\\/uploads\\\/2024\\\/10\\\/ffed0262-add5-4556-9563-63bdeaa397b8.webp\",\"contentUrl\":\"https:\\\/\\\/desjeuxunefois.be\\\/wp-content\\\/uploads\\\/2024\\\/10\\\/ffed0262-add5-4556-9563-63bdeaa397b8.webp\",\"width\":1024,\"height\":1024},{\"@type\":\"BreadcrumbList\",\"@id\":\"https:\\\/\\\/desjeuxunefois.be\\\/index.php\\\/carte-des-lieux-ludiques-belges\\\/bruxelles-capitale\\\/#breadcrumb\",\"itemListElement\":[{\"@type\":\"ListItem\",\"position\":1,\"name\":\"Accueil\",\"item\":\"https:\\\/\\\/desjeuxunefois.be\\\/\"},{\"@type\":\"ListItem\",\"position\":2,\"name\":\"Carte des lieux ludiques belges\",\"item\":\"https:\\\/\\\/desjeuxunefois.be\\\/index.php\\\/carte-des-lieux-ludiques-belges\\\/\"},{\"@type\":\"ListItem\",\"position\":3,\"name\":\"Bruxelles-Capitale\"}]},{\"@type\":\"WebSite\",\"@id\":\"https:\\\/\\\/desjeuxunefois.be\\\/#website\",\"url\":\"https:\\\/\\\/desjeuxunefois.be\\\/\",\"name\":\"Des Jeux Une Fois\",\"description\":\"L&#039;actualit\u00e9 ludique belge une fois... mais pas que\",\"publisher\":{\"@id\":\"https:\\\/\\\/desjeuxunefois.be\\\/#organization\"},\"potentialAction\":[{\"@type\":\"SearchAction\",\"target\":{\"@type\":\"EntryPoint\",\"urlTemplate\":\"https:\\\/\\\/desjeuxunefois.be\\\/?s={search_term_string}\"},\"query-input\":{\"@type\":\"PropertyValueSpecification\",\"valueRequired\":true,\"valueName\":\"search_term_string\"}}],\"inLanguage\":\"fr-FR\"},{\"@type\":\"Organization\",\"@id\":\"https:\\\/\\\/desjeuxunefois.be\\\/#organization\",\"name\":\"Des Jeux Une Fois\",\"url\":\"https:\\\/\\\/desjeuxunefois.be\\\/\",\"logo\":{\"@type\":\"ImageObject\",\"inLanguage\":\"fr-FR\",\"@id\":\"https:\\\/\\\/desjeuxunefois.be\\\/#\\\/schema\\\/logo\\\/image\\\/\",\"url\":\"https:\\\/\\\/desjeuxunefois.be\\\/wp-content\\\/uploads\\\/2019\\\/12\\\/logo-djuf.jpg\",\"contentUrl\":\"https:\\\/\\\/desjeuxunefois.be\\\/wp-content\\\/uploads\\\/2019\\\/12\\\/logo-djuf.jpg\",\"width\":1600,\"height\":1600,\"caption\":\"Des Jeux Une Fois\"},\"image\":{\"@id\":\"https:\\\/\\\/desjeuxunefois.be\\\/#\\\/schema\\\/logo\\\/image\\\/\"},\"sameAs\":[\"https:\\\/\\\/www.facebook.com\\\/desjeuxunefois\",\"https:\\\/\\\/x.com\\\/DesJeuxUneFois\",\"https:\\\/\\\/www.instagram.com\\\/desjeuxunefois\",\"https:\\\/\\\/www.youtube.com\\\/channel\\\/UC81c64xxUGQhrJ5K6diqshg\",\"https:\\\/\\\/www.tiktok.com\\\/@desjeuxunefois\"]}]}<\/script>\n<!-- \/ Yoast SEO plugin. -->","yoast_head_json":{"title":"Bruxelles-Capitale - Des Jeux Une Fois","robots":{"index":"index","follow":"follow","max-snippet":"max-snippet:-1","max-image-preview":"max-image-preview:large","max-video-preview":"max-video-preview:-1"},"canonical":"https:\/\/desjeuxunefois.be\/index.php\/carte-des-lieux-ludiques-belges\/bruxelles-capitale\/","og_locale":"fr_FR","og_type":"article","og_title":"Bruxelles-Capitale - Des Jeux Une Fois","og_description":"Voici les diff\u00e9rents lieux ludiques que tu peux retrouver sur la R\u00e9gion de Bruxelles et qu&rsquo;on a couverts. PS: certains lieux qu&rsquo;on [&hellip;]","og_url":"https:\/\/desjeuxunefois.be\/index.php\/carte-des-lieux-ludiques-belges\/bruxelles-capitale\/","og_site_name":"Des Jeux Une Fois","article_publisher":"https:\/\/www.facebook.com\/desjeuxunefois","article_modified_time":"2024-10-21T15:19:34+00:00","og_image":[{"width":1024,"height":1024,"url":"https:\/\/desjeuxunefois.be\/wp-content\/uploads\/2024\/10\/ffed0262-add5-4556-9563-63bdeaa397b8.webp","type":"image\/webp"}],"twitter_card":"summary_large_image","twitter_site":"@DesJeuxUneFois","schema":{"@context":"https:\/\/schema.org","@graph":[{"@type":"WebPage","@id":"https:\/\/desjeuxunefois.be\/index.php\/carte-des-lieux-ludiques-belges\/bruxelles-capitale\/","url":"https:\/\/desjeuxunefois.be\/index.php\/carte-des-lieux-ludiques-belges\/bruxelles-capitale\/","name":"Bruxelles-Capitale - Des Jeux Une Fois","isPartOf":{"@id":"https:\/\/desjeuxunefois.be\/#website"},"primaryImageOfPage":{"@id":"https:\/\/desjeuxunefois.be\/index.php\/carte-des-lieux-ludiques-belges\/bruxelles-capitale\/#primaryimage"},"image":{"@id":"https:\/\/desjeuxunefois.be\/index.php\/carte-des-lieux-ludiques-belges\/bruxelles-capitale\/#primaryimage"},"thumbnailUrl":"https:\/\/desjeuxunefois.be\/wp-content\/uploads\/2024\/10\/ffed0262-add5-4556-9563-63bdeaa397b8.webp","datePublished":"2021-03-29T12:09:06+00:00","dateModified":"2024-10-21T15:19:34+00:00","breadcrumb":{"@id":"https:\/\/desjeuxunefois.be\/index.php\/carte-des-lieux-ludiques-belges\/bruxelles-capitale\/#breadcrumb"},"inLanguage":"fr-FR","potentialAction":[{"@type":"ReadAction","target":["https:\/\/desjeuxunefois.be\/index.php\/carte-des-lieux-ludiques-belges\/bruxelles-capitale\/"]}]},{"@type":"ImageObject","inLanguage":"fr-FR","@id":"https:\/\/desjeuxunefois.be\/index.php\/carte-des-lieux-ludiques-belges\/bruxelles-capitale\/#primaryimage","url":"https:\/\/desjeuxunefois.be\/wp-content\/uploads\/2024\/10\/ffed0262-add5-4556-9563-63bdeaa397b8.webp","contentUrl":"https:\/\/desjeuxunefois.be\/wp-content\/uploads\/2024\/10\/ffed0262-add5-4556-9563-63bdeaa397b8.webp","width":1024,"height":1024},{"@type":"BreadcrumbList","@id":"https:\/\/desjeuxunefois.be\/index.php\/carte-des-lieux-ludiques-belges\/bruxelles-capitale\/#breadcrumb","itemListElement":[{"@type":"ListItem","position":1,"name":"Accueil","item":"https:\/\/desjeuxunefois.be\/"},{"@type":"ListItem","position":2,"name":"Carte des lieux ludiques belges","item":"https:\/\/desjeuxunefois.be\/index.php\/carte-des-lieux-ludiques-belges\/"},{"@type":"ListItem","position":3,"name":"Bruxelles-Capitale"}]},{"@type":"WebSite","@id":"https:\/\/desjeuxunefois.be\/#website","url":"https:\/\/desjeuxunefois.be\/","name":"Des Jeux Une Fois","description":"L&#039;actualit\u00e9 ludique belge une fois... mais pas que","publisher":{"@id":"https:\/\/desjeuxunefois.be\/#organization"},"potentialAction":[{"@type":"SearchAction","target":{"@type":"EntryPoint","urlTemplate":"https:\/\/desjeuxunefois.be\/?s={search_term_string}"},"query-input":{"@type":"PropertyValueSpecification","valueRequired":true,"valueName":"search_term_string"}}],"inLanguage":"fr-FR"},{"@type":"Organization","@id":"https:\/\/desjeuxunefois.be\/#organization","name":"Des Jeux Une Fois","url":"https:\/\/desjeuxunefois.be\/","logo":{"@type":"ImageObject","inLanguage":"fr-FR","@id":"https:\/\/desjeuxunefois.be\/#\/schema\/logo\/image\/","url":"https:\/\/desjeuxunefois.be\/wp-content\/uploads\/2019\/12\/logo-djuf.jpg","contentUrl":"https:\/\/desjeuxunefois.be\/wp-content\/uploads\/2019\/12\/logo-djuf.jpg","width":1600,"height":1600,"caption":"Des Jeux Une Fois"},"image":{"@id":"https:\/\/desjeuxunefois.be\/#\/schema\/logo\/image\/"},"sameAs":["https:\/\/www.facebook.com\/desjeuxunefois","https:\/\/x.com\/DesJeuxUneFois","https:\/\/www.instagram.com\/desjeuxunefois","https:\/\/www.youtube.com\/channel\/UC81c64xxUGQhrJ5K6diqshg","https:\/\/www.tiktok.com\/@desjeuxunefois"]}]}},"jetpack_sharing_enabled":true,"jetpack_likes_enabled":true,"jetpack_shortlink":"https:\/\/wp.me\/PbwFH6-23D","_links":{"self":[{"href":"https:\/\/desjeuxunefois.be\/index.php\/wp-json\/wp\/v2\/pages\/7913","targetHints":{"allow":["GET"]}}],"collection":[{"href":"https:\/\/desjeuxunefois.be\/index.php\/wp-json\/wp\/v2\/pages"}],"about":[{"href":"https:\/\/desjeuxunefois.be\/index.php\/wp-json\/wp\/v2\/types\/page"}],"author":[{"embeddable":true,"href":"https:\/\/desjeuxunefois.be\/index.php\/wp-json\/wp\/v2\/users\/10"}],"replies":[{"embeddable":true,"href":"https:\/\/desjeuxunefois.be\/index.php\/wp-json\/wp\/v2\/comments?post=7913"}],"version-history":[{"count":13,"href":"https:\/\/desjeuxunefois.be\/index.php\/wp-json\/wp\/v2\/pages\/7913\/revisions"}],"predecessor-version":[{"id":26253,"href":"https:\/\/desjeuxunefois.be\/index.php\/wp-json\/wp\/v2\/pages\/7913\/revisions\/26253"}],"up":[{"embeddable":true,"href":"https:\/\/desjeuxunefois.be\/index.php\/wp-json\/wp\/v2\/pages\/9053"}],"wp:featuredmedia":[{"embeddable":true,"href":"https:\/\/desjeuxunefois.be\/index.php\/wp-json\/wp\/v2\/media\/26255"}],"wp:attachment":[{"href":"https:\/\/desjeuxunefois.be\/index.php\/wp-json\/wp\/v2\/media?parent=7913"}],"wp:term":[{"taxonomy":"author","embeddable":true,"href":"https:\/\/desjeuxunefois.be\/index.php\/wp-json\/wp\/v2\/ppma_author?post=7913"}],"curies":[{"name":"wp","href":"https:\/\/api.w.org\/{rel}","templated":true}]}}