{"id":7911,"date":"2021-03-26T16:17:50","date_gmt":"2021-03-26T15:17:50","guid":{"rendered":"https:\/\/desjeuxunefois.be\/?page_id=7911"},"modified":"2022-07-13T10:17:35","modified_gmt":"2022-07-13T08:17:35","slug":"luxembourg","status":"publish","type":"page","link":"https:\/\/desjeuxunefois.be\/index.php\/carte-des-lieux-ludiques-belges\/luxembourg\/","title":{"rendered":"Luxembourg"},"content":{"rendered":"\n<h2 class=\"wp-block-heading\">Les boutiques<\/h2>\n\n\n\n<h3 class=\"wp-block-heading\"><a href=\"https:\/\/www.aupaysdesmerveillesbastogne.be\/\">Au pays des merveilles <\/a><\/h3>\n\n\n<div class=\"wp-block-image\">\n<figure class=\"alignleft size-full\"><img loading=\"lazy\" decoding=\"async\" width=\"180\" height=\"180\" src=\"https:\/\/desjeuxunefois.be\/wp-content\/uploads\/2022\/07\/image-22.png\" alt=\"\" class=\"wp-image-13178\" srcset=\"https:\/\/desjeuxunefois.be\/wp-content\/uploads\/2022\/07\/image-22.png 180w, https:\/\/desjeuxunefois.be\/wp-content\/uploads\/2022\/07\/image-22-150x150.png 150w\" sizes=\"auto, (max-width: 180px) 100vw, 180px\" \/><\/figure>\n<\/div>\n\n\n<p>AU PAYS DES MERVEILLES\u00a0\u00e0 Bastogne vous propose des jouets durables, de qualit\u00e9, des jeux \u00e9ducatifs, des livres, de la d\u00e9coration. La boutique participe d&rsquo;ailleurs au <a href=\"https:\/\/www.facebook.com\/prixJokers\/\">Prix Jokers<\/a>!<\/p>\n\n\n\n<p><\/p>\n\n\n\n<p><\/p>\n\n\n\n<p><\/p>\n\n\n\n<h3 class=\"wp-block-heading\"><a href=\"https:\/\/dutiersetduquart.be\/\">Canard Paon<\/a><\/h3>\n\n\n<div class=\"wp-block-image\">\n<figure class=\"alignleft size-medium is-resized\"><img loading=\"lazy\" decoding=\"async\" src=\"https:\/\/desjeuxunefois.be\/wp-content\/uploads\/2022\/07\/image-23-300x115.png\" alt=\"\" class=\"wp-image-13179\" width=\"300\" height=\"115\" srcset=\"https:\/\/desjeuxunefois.be\/wp-content\/uploads\/2022\/07\/image-23-300x115.png 300w, https:\/\/desjeuxunefois.be\/wp-content\/uploads\/2022\/07\/image-23-768x293.png 768w, https:\/\/desjeuxunefois.be\/wp-content\/uploads\/2022\/07\/image-23.png 801w\" sizes=\"auto, (max-width: 300px) 100vw, 300px\" \/><\/figure>\n<\/div>\n\n\n<p>Le\u00a0Canard Paon \u2013 du tiers et du quart \u2013<strong>\u00a0<\/strong>est une librairie sp\u00e9cialis\u00e9e pour la jeunesse, l\u2019\u00e9ducation, la nature, mais vous y trouvez \u00e9galement de beaux jouets principalement en mat\u00e9riau durable (bois, carton, tissu), des jeux d\u2019ext\u00e9rieur, des jeux de soci\u00e9t\u00e9 pour enfants et adultes, du mat\u00e9riel de loisir cr\u00e9atif pour  <br>                                                                enfants et adultes. La boutique participe d&rsquo;ailleurs au <a href=\"https:\/\/www.facebook.com\/prixJokers\/\">Prix Jokers<\/a>!<\/p>\n","protected":false},"excerpt":{"rendered":"<p class=\"text-justify\">Les boutiques Au pays des merveilles AU PAYS DES MERVEILLES\u00a0\u00e0 Bastogne vous propose des jouets durables, de qualit\u00e9, des jeux \u00e9ducatifs, des [&hellip;]<\/p>\n","protected":false},"author":10,"featured_media":0,"parent":9053,"menu_order":0,"comment_status":"closed","ping_status":"closed","template":"","meta":{"_exactmetrics_skip_tracking":false,"_exactmetrics_sitenote_active":false,"_exactmetrics_sitenote_note":"","_exactmetrics_sitenote_category":0,"footnotes":""},"ppma_author":[336],"class_list":["post-7911","page","type-page","status-publish","hentry"],"yoast_head":"<!-- This site is optimized with the Yoast SEO plugin v27.4 - https:\/\/yoast.com\/product\/yoast-seo-wordpress\/ -->\n<title>Luxembourg - Des Jeux Une Fois<\/title>\n<meta name=\"robots\" content=\"index, follow, max-snippet:-1, max-image-preview:large, max-video-preview:-1\" \/>\n<link rel=\"canonical\" href=\"https:\/\/desjeuxunefois.be\/index.php\/carte-des-lieux-ludiques-belges\/luxembourg\/\" \/>\n<meta property=\"og:locale\" content=\"fr_FR\" \/>\n<meta property=\"og:type\" content=\"article\" \/>\n<meta property=\"og:title\" content=\"Luxembourg - Des Jeux Une Fois\" \/>\n<meta property=\"og:description\" content=\"Les boutiques Au pays des merveilles AU PAYS DES MERVEILLES\u00a0\u00e0 Bastogne vous propose des jouets durables, de qualit\u00e9, des jeux \u00e9ducatifs, des [&hellip;]\" \/>\n<meta property=\"og:url\" content=\"https:\/\/desjeuxunefois.be\/index.php\/carte-des-lieux-ludiques-belges\/luxembourg\/\" \/>\n<meta property=\"og:site_name\" content=\"Des Jeux Une Fois\" \/>\n<meta property=\"article:publisher\" content=\"https:\/\/www.facebook.com\/desjeuxunefois\" \/>\n<meta property=\"article:modified_time\" content=\"2022-07-13T08:17:35+00:00\" \/>\n<meta property=\"og:image\" content=\"https:\/\/desjeuxunefois.be\/wp-content\/uploads\/2022\/07\/image-22.png\" \/>\n<meta name=\"twitter:card\" content=\"summary_large_image\" \/>\n<meta name=\"twitter:site\" content=\"@DesJeuxUneFois\" \/>\n<script type=\"application\/ld+json\" class=\"yoast-schema-graph\">{\"@context\":\"https:\\\/\\\/schema.org\",\"@graph\":[{\"@type\":\"WebPage\",\"@id\":\"https:\\\/\\\/desjeuxunefois.be\\\/index.php\\\/carte-des-lieux-ludiques-belges\\\/luxembourg\\\/\",\"url\":\"https:\\\/\\\/desjeuxunefois.be\\\/index.php\\\/carte-des-lieux-ludiques-belges\\\/luxembourg\\\/\",\"name\":\"Luxembourg - Des Jeux Une Fois\",\"isPartOf\":{\"@id\":\"https:\\\/\\\/desjeuxunefois.be\\\/#website\"},\"primaryImageOfPage\":{\"@id\":\"https:\\\/\\\/desjeuxunefois.be\\\/index.php\\\/carte-des-lieux-ludiques-belges\\\/luxembourg\\\/#primaryimage\"},\"image\":{\"@id\":\"https:\\\/\\\/desjeuxunefois.be\\\/index.php\\\/carte-des-lieux-ludiques-belges\\\/luxembourg\\\/#primaryimage\"},\"thumbnailUrl\":\"https:\\\/\\\/desjeuxunefois.be\\\/wp-content\\\/uploads\\\/2022\\\/07\\\/image-22.png\",\"datePublished\":\"2021-03-26T15:17:50+00:00\",\"dateModified\":\"2022-07-13T08:17:35+00:00\",\"breadcrumb\":{\"@id\":\"https:\\\/\\\/desjeuxunefois.be\\\/index.php\\\/carte-des-lieux-ludiques-belges\\\/luxembourg\\\/#breadcrumb\"},\"inLanguage\":\"fr-FR\",\"potentialAction\":[{\"@type\":\"ReadAction\",\"target\":[\"https:\\\/\\\/desjeuxunefois.be\\\/index.php\\\/carte-des-lieux-ludiques-belges\\\/luxembourg\\\/\"]}]},{\"@type\":\"ImageObject\",\"inLanguage\":\"fr-FR\",\"@id\":\"https:\\\/\\\/desjeuxunefois.be\\\/index.php\\\/carte-des-lieux-ludiques-belges\\\/luxembourg\\\/#primaryimage\",\"url\":\"https:\\\/\\\/desjeuxunefois.be\\\/wp-content\\\/uploads\\\/2022\\\/07\\\/image-22.png\",\"contentUrl\":\"https:\\\/\\\/desjeuxunefois.be\\\/wp-content\\\/uploads\\\/2022\\\/07\\\/image-22.png\",\"width\":180,\"height\":180},{\"@type\":\"BreadcrumbList\",\"@id\":\"https:\\\/\\\/desjeuxunefois.be\\\/index.php\\\/carte-des-lieux-ludiques-belges\\\/luxembourg\\\/#breadcrumb\",\"itemListElement\":[{\"@type\":\"ListItem\",\"position\":1,\"name\":\"Accueil\",\"item\":\"https:\\\/\\\/desjeuxunefois.be\\\/\"},{\"@type\":\"ListItem\",\"position\":2,\"name\":\"Carte des lieux ludiques belges\",\"item\":\"https:\\\/\\\/desjeuxunefois.be\\\/index.php\\\/carte-des-lieux-ludiques-belges\\\/\"},{\"@type\":\"ListItem\",\"position\":3,\"name\":\"Luxembourg\"}]},{\"@type\":\"WebSite\",\"@id\":\"https:\\\/\\\/desjeuxunefois.be\\\/#website\",\"url\":\"https:\\\/\\\/desjeuxunefois.be\\\/\",\"name\":\"Des Jeux Une Fois\",\"description\":\"L&#039;actualit\u00e9 ludique belge une fois... mais pas que\",\"publisher\":{\"@id\":\"https:\\\/\\\/desjeuxunefois.be\\\/#organization\"},\"potentialAction\":[{\"@type\":\"SearchAction\",\"target\":{\"@type\":\"EntryPoint\",\"urlTemplate\":\"https:\\\/\\\/desjeuxunefois.be\\\/?s={search_term_string}\"},\"query-input\":{\"@type\":\"PropertyValueSpecification\",\"valueRequired\":true,\"valueName\":\"search_term_string\"}}],\"inLanguage\":\"fr-FR\"},{\"@type\":\"Organization\",\"@id\":\"https:\\\/\\\/desjeuxunefois.be\\\/#organization\",\"name\":\"Des Jeux Une Fois\",\"url\":\"https:\\\/\\\/desjeuxunefois.be\\\/\",\"logo\":{\"@type\":\"ImageObject\",\"inLanguage\":\"fr-FR\",\"@id\":\"https:\\\/\\\/desjeuxunefois.be\\\/#\\\/schema\\\/logo\\\/image\\\/\",\"url\":\"https:\\\/\\\/desjeuxunefois.be\\\/wp-content\\\/uploads\\\/2019\\\/12\\\/logo-djuf.jpg\",\"contentUrl\":\"https:\\\/\\\/desjeuxunefois.be\\\/wp-content\\\/uploads\\\/2019\\\/12\\\/logo-djuf.jpg\",\"width\":1600,\"height\":1600,\"caption\":\"Des Jeux Une Fois\"},\"image\":{\"@id\":\"https:\\\/\\\/desjeuxunefois.be\\\/#\\\/schema\\\/logo\\\/image\\\/\"},\"sameAs\":[\"https:\\\/\\\/www.facebook.com\\\/desjeuxunefois\",\"https:\\\/\\\/x.com\\\/DesJeuxUneFois\",\"https:\\\/\\\/www.instagram.com\\\/desjeuxunefois\",\"https:\\\/\\\/www.youtube.com\\\/channel\\\/UC81c64xxUGQhrJ5K6diqshg\",\"https:\\\/\\\/www.tiktok.com\\\/@desjeuxunefois\"]}]}<\/script>\n<!-- \/ Yoast SEO plugin. -->","yoast_head_json":{"title":"Luxembourg - Des Jeux Une Fois","robots":{"index":"index","follow":"follow","max-snippet":"max-snippet:-1","max-image-preview":"max-image-preview:large","max-video-preview":"max-video-preview:-1"},"canonical":"https:\/\/desjeuxunefois.be\/index.php\/carte-des-lieux-ludiques-belges\/luxembourg\/","og_locale":"fr_FR","og_type":"article","og_title":"Luxembourg - Des Jeux Une Fois","og_description":"Les boutiques Au pays des merveilles AU PAYS DES MERVEILLES\u00a0\u00e0 Bastogne vous propose des jouets durables, de qualit\u00e9, des jeux \u00e9ducatifs, des [&hellip;]","og_url":"https:\/\/desjeuxunefois.be\/index.php\/carte-des-lieux-ludiques-belges\/luxembourg\/","og_site_name":"Des Jeux Une Fois","article_publisher":"https:\/\/www.facebook.com\/desjeuxunefois","article_modified_time":"2022-07-13T08:17:35+00:00","og_image":[{"url":"https:\/\/desjeuxunefois.be\/wp-content\/uploads\/2022\/07\/image-22.png","type":"","width":"","height":""}],"twitter_card":"summary_large_image","twitter_site":"@DesJeuxUneFois","schema":{"@context":"https:\/\/schema.org","@graph":[{"@type":"WebPage","@id":"https:\/\/desjeuxunefois.be\/index.php\/carte-des-lieux-ludiques-belges\/luxembourg\/","url":"https:\/\/desjeuxunefois.be\/index.php\/carte-des-lieux-ludiques-belges\/luxembourg\/","name":"Luxembourg - Des Jeux Une Fois","isPartOf":{"@id":"https:\/\/desjeuxunefois.be\/#website"},"primaryImageOfPage":{"@id":"https:\/\/desjeuxunefois.be\/index.php\/carte-des-lieux-ludiques-belges\/luxembourg\/#primaryimage"},"image":{"@id":"https:\/\/desjeuxunefois.be\/index.php\/carte-des-lieux-ludiques-belges\/luxembourg\/#primaryimage"},"thumbnailUrl":"https:\/\/desjeuxunefois.be\/wp-content\/uploads\/2022\/07\/image-22.png","datePublished":"2021-03-26T15:17:50+00:00","dateModified":"2022-07-13T08:17:35+00:00","breadcrumb":{"@id":"https:\/\/desjeuxunefois.be\/index.php\/carte-des-lieux-ludiques-belges\/luxembourg\/#breadcrumb"},"inLanguage":"fr-FR","potentialAction":[{"@type":"ReadAction","target":["https:\/\/desjeuxunefois.be\/index.php\/carte-des-lieux-ludiques-belges\/luxembourg\/"]}]},{"@type":"ImageObject","inLanguage":"fr-FR","@id":"https:\/\/desjeuxunefois.be\/index.php\/carte-des-lieux-ludiques-belges\/luxembourg\/#primaryimage","url":"https:\/\/desjeuxunefois.be\/wp-content\/uploads\/2022\/07\/image-22.png","contentUrl":"https:\/\/desjeuxunefois.be\/wp-content\/uploads\/2022\/07\/image-22.png","width":180,"height":180},{"@type":"BreadcrumbList","@id":"https:\/\/desjeuxunefois.be\/index.php\/carte-des-lieux-ludiques-belges\/luxembourg\/#breadcrumb","itemListElement":[{"@type":"ListItem","position":1,"name":"Accueil","item":"https:\/\/desjeuxunefois.be\/"},{"@type":"ListItem","position":2,"name":"Carte des lieux ludiques belges","item":"https:\/\/desjeuxunefois.be\/index.php\/carte-des-lieux-ludiques-belges\/"},{"@type":"ListItem","position":3,"name":"Luxembourg"}]},{"@type":"WebSite","@id":"https:\/\/desjeuxunefois.be\/#website","url":"https:\/\/desjeuxunefois.be\/","name":"Des Jeux Une Fois","description":"L&#039;actualit\u00e9 ludique belge une fois... mais pas que","publisher":{"@id":"https:\/\/desjeuxunefois.be\/#organization"},"potentialAction":[{"@type":"SearchAction","target":{"@type":"EntryPoint","urlTemplate":"https:\/\/desjeuxunefois.be\/?s={search_term_string}"},"query-input":{"@type":"PropertyValueSpecification","valueRequired":true,"valueName":"search_term_string"}}],"inLanguage":"fr-FR"},{"@type":"Organization","@id":"https:\/\/desjeuxunefois.be\/#organization","name":"Des Jeux Une Fois","url":"https:\/\/desjeuxunefois.be\/","logo":{"@type":"ImageObject","inLanguage":"fr-FR","@id":"https:\/\/desjeuxunefois.be\/#\/schema\/logo\/image\/","url":"https:\/\/desjeuxunefois.be\/wp-content\/uploads\/2019\/12\/logo-djuf.jpg","contentUrl":"https:\/\/desjeuxunefois.be\/wp-content\/uploads\/2019\/12\/logo-djuf.jpg","width":1600,"height":1600,"caption":"Des Jeux Une Fois"},"image":{"@id":"https:\/\/desjeuxunefois.be\/#\/schema\/logo\/image\/"},"sameAs":["https:\/\/www.facebook.com\/desjeuxunefois","https:\/\/x.com\/DesJeuxUneFois","https:\/\/www.instagram.com\/desjeuxunefois","https:\/\/www.youtube.com\/channel\/UC81c64xxUGQhrJ5K6diqshg","https:\/\/www.tiktok.com\/@desjeuxunefois"]}]}},"jetpack_sharing_enabled":true,"jetpack_likes_enabled":true,"jetpack_shortlink":"https:\/\/wp.me\/PbwFH6-23B","_links":{"self":[{"href":"https:\/\/desjeuxunefois.be\/index.php\/wp-json\/wp\/v2\/pages\/7911","targetHints":{"allow":["GET"]}}],"collection":[{"href":"https:\/\/desjeuxunefois.be\/index.php\/wp-json\/wp\/v2\/pages"}],"about":[{"href":"https:\/\/desjeuxunefois.be\/index.php\/wp-json\/wp\/v2\/types\/page"}],"author":[{"embeddable":true,"href":"https:\/\/desjeuxunefois.be\/index.php\/wp-json\/wp\/v2\/users\/10"}],"replies":[{"embeddable":true,"href":"https:\/\/desjeuxunefois.be\/index.php\/wp-json\/wp\/v2\/comments?post=7911"}],"version-history":[{"count":0,"href":"https:\/\/desjeuxunefois.be\/index.php\/wp-json\/wp\/v2\/pages\/7911\/revisions"}],"up":[{"embeddable":true,"href":"https:\/\/desjeuxunefois.be\/index.php\/wp-json\/wp\/v2\/pages\/9053"}],"wp:attachment":[{"href":"https:\/\/desjeuxunefois.be\/index.php\/wp-json\/wp\/v2\/media?parent=7911"}],"wp:term":[{"taxonomy":"author","embeddable":true,"href":"https:\/\/desjeuxunefois.be\/index.php\/wp-json\/wp\/v2\/ppma_author?post=7911"}],"curies":[{"name":"wp","href":"https:\/\/api.w.org\/{rel}","templated":true}]}}