{"id":6034,"date":"2021-01-02T10:53:54","date_gmt":"2021-01-02T09:53:54","guid":{"rendered":"https:\/\/desjeuxunefois.be\/?page_id=6034"},"modified":"2023-05-08T17:10:37","modified_gmt":"2023-05-08T15:10:37","slug":"ou-nous-trouver","status":"publish","type":"page","link":"https:\/\/desjeuxunefois.be\/index.php\/le-fonctionnement-de-djuf\/ou-nous-trouver\/","title":{"rendered":"O\u00f9 nous trouver"},"content":{"rendered":"\n<p>DJUF c&rsquo;est d&rsquo;abord un site internet sur WordPress o\u00f9 nous essayons en principe de publier 2 articles par semaine. Afin de garantir un maximum de visibilit\u00e9 sur ces derniers, nous avons plusieurs comptes afin de partager les liens.<\/p>\n\n\n\n<p><a href=\"https:\/\/www.instagram.com\/desjeuxunefois\/?hl=fr\">Instagram<\/a> nous permet de te partager des photos et vid\u00e9os de nos parties afin de te faire un teasing de nos futurs articles ou juste pour partager notre joie ludique ou nos trouvailles <\/p>\n\n\n\n<p>Notre compte <a href=\"https:\/\/twitter.com\/desjeuxunefois?lang=fr\">Twitter<\/a> est directement li\u00e9 a notre site internet. Ce qui permet \u00e0 nos abonn\u00e9s d&rsquo;\u00eatre tout de suite au courant lorsqu&rsquo;un article est publi\u00e9. <\/p>\n\n\n\n<p>Pour surfer sur la vague, on a m\u00eame un compte <a href=\"https:\/\/www.tiktok.com\/@desjeuxunefois\">Tiktok<\/a> qu\u2019on anime du mieux qu\u2019on peut. L\u2019objectif est de te faire d\u00e9couvrir rapidement un jeu ou de te montrer une s\u00e9quence de partie. Une vid\u00e9o vaut mieux parfois que tout un discours ! <\/p>\n\n\n\n<p>Notre outil principal de partage reste tout de m\u00eame notre page <a href=\"https:\/\/www.facebook.com\/desjeuxunefois\/\">Facebook<\/a> car l&rsquo;interaction entre toi et nous est directe et optimale. C&rsquo;est vraiment l\u00e0 que nous recevons beaucoup de tes commentaires, remarques ou questions. Sache que cela nous fait \u00e9norm\u00e9ment plaisir de te r\u00e9pondre car cela prouve que notre article a suscit\u00e9 ta curiosit\u00e9. <\/p>\n\n\n\n<p>Pour augmenter les \u00e9changes entre toi et nous, nous avons aussi le groupe Facebook <a href=\"https:\/\/m.facebook.com\/groups\/269263573758415\/\">La Belgique ludique, une fois!<\/a>. Hormis le partage de nos articles dans ce groupes, on invite tous les acteurs.rices ludiques belges \u00e0 publier leur projet ludique sur ce groupe (\u00e9v\u00e9nement, article , jeu, etc ).<\/p>\n\n\n\n<p>Nous ne sommes pas du tout dans la concurrence par rapport aux autres blogs mais plut\u00f4t dans le partage et la convivialit\u00e9. Il est important aussi que vous vous fassiez une id\u00e9e sur un jeu en comparant les diff\u00e9rents avis.<\/p>\n\n\n\n<p>Toi aussi cher lecteur, n&rsquo;h\u00e9site pas \u00e0 t&rsquo;exprimer sur ce groupe car il a d&rsquo;abord \u00e9t\u00e9 cr\u00e9\u00e9 pour TOI! <\/p>\n\n\n\n<p>Si tu d\u00e9sires nous rencontrer en festivals, on n&rsquo;h\u00e9sitera pas \u00e0 te le faire savoir car c&rsquo;est avec plaisir qu&rsquo;on essaiera de faire une partie avec toi! <\/p>\n","protected":false},"excerpt":{"rendered":"<p class=\"text-justify\">DJUF c&rsquo;est d&rsquo;abord un site internet sur WordPress o\u00f9 nous essayons en principe de publier 2 articles par semaine. Afin de garantir [&hellip;]<\/p>\n","protected":false},"author":2,"featured_media":0,"parent":5945,"menu_order":0,"comment_status":"closed","ping_status":"closed","template":"","meta":{"_exactmetrics_skip_tracking":false,"_exactmetrics_sitenote_active":false,"_exactmetrics_sitenote_note":"","_exactmetrics_sitenote_category":0,"footnotes":""},"ppma_author":[337],"class_list":["post-6034","page","type-page","status-publish","hentry"],"yoast_head":"<!-- This site is optimized with the Yoast SEO plugin v27.4 - https:\/\/yoast.com\/product\/yoast-seo-wordpress\/ -->\n<title>O\u00f9 nous trouver - Des Jeux Une Fois<\/title>\n<meta name=\"robots\" content=\"index, follow, max-snippet:-1, max-image-preview:large, max-video-preview:-1\" \/>\n<link rel=\"canonical\" href=\"https:\/\/desjeuxunefois.be\/index.php\/le-fonctionnement-de-djuf\/ou-nous-trouver\/\" \/>\n<meta property=\"og:locale\" content=\"fr_FR\" \/>\n<meta property=\"og:type\" content=\"article\" \/>\n<meta property=\"og:title\" content=\"O\u00f9 nous trouver - Des Jeux Une Fois\" \/>\n<meta property=\"og:description\" content=\"DJUF c&rsquo;est d&rsquo;abord un site internet sur WordPress o\u00f9 nous essayons en principe de publier 2 articles par semaine. Afin de garantir [&hellip;]\" \/>\n<meta property=\"og:url\" content=\"https:\/\/desjeuxunefois.be\/index.php\/le-fonctionnement-de-djuf\/ou-nous-trouver\/\" \/>\n<meta property=\"og:site_name\" content=\"Des Jeux Une Fois\" \/>\n<meta property=\"article:publisher\" content=\"https:\/\/www.facebook.com\/desjeuxunefois\" \/>\n<meta property=\"article:modified_time\" content=\"2023-05-08T15:10:37+00:00\" \/>\n<meta name=\"twitter:card\" content=\"summary_large_image\" \/>\n<meta name=\"twitter:site\" content=\"@DesJeuxUneFois\" \/>\n<script type=\"application\/ld+json\" class=\"yoast-schema-graph\">{\"@context\":\"https:\\\/\\\/schema.org\",\"@graph\":[{\"@type\":\"WebPage\",\"@id\":\"https:\\\/\\\/desjeuxunefois.be\\\/index.php\\\/le-fonctionnement-de-djuf\\\/ou-nous-trouver\\\/\",\"url\":\"https:\\\/\\\/desjeuxunefois.be\\\/index.php\\\/le-fonctionnement-de-djuf\\\/ou-nous-trouver\\\/\",\"name\":\"O\u00f9 nous trouver - Des Jeux Une Fois\",\"isPartOf\":{\"@id\":\"https:\\\/\\\/desjeuxunefois.be\\\/#website\"},\"datePublished\":\"2021-01-02T09:53:54+00:00\",\"dateModified\":\"2023-05-08T15:10:37+00:00\",\"breadcrumb\":{\"@id\":\"https:\\\/\\\/desjeuxunefois.be\\\/index.php\\\/le-fonctionnement-de-djuf\\\/ou-nous-trouver\\\/#breadcrumb\"},\"inLanguage\":\"fr-FR\",\"potentialAction\":[{\"@type\":\"ReadAction\",\"target\":[\"https:\\\/\\\/desjeuxunefois.be\\\/index.php\\\/le-fonctionnement-de-djuf\\\/ou-nous-trouver\\\/\"]}]},{\"@type\":\"BreadcrumbList\",\"@id\":\"https:\\\/\\\/desjeuxunefois.be\\\/index.php\\\/le-fonctionnement-de-djuf\\\/ou-nous-trouver\\\/#breadcrumb\",\"itemListElement\":[{\"@type\":\"ListItem\",\"position\":1,\"name\":\"Accueil\",\"item\":\"https:\\\/\\\/desjeuxunefois.be\\\/\"},{\"@type\":\"ListItem\",\"position\":2,\"name\":\"Le fonctionnement de DJUF\",\"item\":\"https:\\\/\\\/desjeuxunefois.be\\\/index.php\\\/le-fonctionnement-de-djuf\\\/\"},{\"@type\":\"ListItem\",\"position\":3,\"name\":\"O\u00f9 nous trouver\"}]},{\"@type\":\"WebSite\",\"@id\":\"https:\\\/\\\/desjeuxunefois.be\\\/#website\",\"url\":\"https:\\\/\\\/desjeuxunefois.be\\\/\",\"name\":\"Des Jeux Une Fois\",\"description\":\"L&#039;actualit\u00e9 ludique belge une fois... mais pas que\",\"publisher\":{\"@id\":\"https:\\\/\\\/desjeuxunefois.be\\\/#organization\"},\"potentialAction\":[{\"@type\":\"SearchAction\",\"target\":{\"@type\":\"EntryPoint\",\"urlTemplate\":\"https:\\\/\\\/desjeuxunefois.be\\\/?s={search_term_string}\"},\"query-input\":{\"@type\":\"PropertyValueSpecification\",\"valueRequired\":true,\"valueName\":\"search_term_string\"}}],\"inLanguage\":\"fr-FR\"},{\"@type\":\"Organization\",\"@id\":\"https:\\\/\\\/desjeuxunefois.be\\\/#organization\",\"name\":\"Des Jeux Une Fois\",\"url\":\"https:\\\/\\\/desjeuxunefois.be\\\/\",\"logo\":{\"@type\":\"ImageObject\",\"inLanguage\":\"fr-FR\",\"@id\":\"https:\\\/\\\/desjeuxunefois.be\\\/#\\\/schema\\\/logo\\\/image\\\/\",\"url\":\"https:\\\/\\\/desjeuxunefois.be\\\/wp-content\\\/uploads\\\/2019\\\/12\\\/logo-djuf.jpg\",\"contentUrl\":\"https:\\\/\\\/desjeuxunefois.be\\\/wp-content\\\/uploads\\\/2019\\\/12\\\/logo-djuf.jpg\",\"width\":1600,\"height\":1600,\"caption\":\"Des Jeux Une Fois\"},\"image\":{\"@id\":\"https:\\\/\\\/desjeuxunefois.be\\\/#\\\/schema\\\/logo\\\/image\\\/\"},\"sameAs\":[\"https:\\\/\\\/www.facebook.com\\\/desjeuxunefois\",\"https:\\\/\\\/x.com\\\/DesJeuxUneFois\",\"https:\\\/\\\/www.instagram.com\\\/desjeuxunefois\",\"https:\\\/\\\/www.youtube.com\\\/channel\\\/UC81c64xxUGQhrJ5K6diqshg\",\"https:\\\/\\\/www.tiktok.com\\\/@desjeuxunefois\"]}]}<\/script>\n<!-- \/ Yoast SEO plugin. -->","yoast_head_json":{"title":"O\u00f9 nous trouver - Des Jeux Une Fois","robots":{"index":"index","follow":"follow","max-snippet":"max-snippet:-1","max-image-preview":"max-image-preview:large","max-video-preview":"max-video-preview:-1"},"canonical":"https:\/\/desjeuxunefois.be\/index.php\/le-fonctionnement-de-djuf\/ou-nous-trouver\/","og_locale":"fr_FR","og_type":"article","og_title":"O\u00f9 nous trouver - Des Jeux Une Fois","og_description":"DJUF c&rsquo;est d&rsquo;abord un site internet sur WordPress o\u00f9 nous essayons en principe de publier 2 articles par semaine. Afin de garantir [&hellip;]","og_url":"https:\/\/desjeuxunefois.be\/index.php\/le-fonctionnement-de-djuf\/ou-nous-trouver\/","og_site_name":"Des Jeux Une Fois","article_publisher":"https:\/\/www.facebook.com\/desjeuxunefois","article_modified_time":"2023-05-08T15:10:37+00:00","twitter_card":"summary_large_image","twitter_site":"@DesJeuxUneFois","schema":{"@context":"https:\/\/schema.org","@graph":[{"@type":"WebPage","@id":"https:\/\/desjeuxunefois.be\/index.php\/le-fonctionnement-de-djuf\/ou-nous-trouver\/","url":"https:\/\/desjeuxunefois.be\/index.php\/le-fonctionnement-de-djuf\/ou-nous-trouver\/","name":"O\u00f9 nous trouver - Des Jeux Une Fois","isPartOf":{"@id":"https:\/\/desjeuxunefois.be\/#website"},"datePublished":"2021-01-02T09:53:54+00:00","dateModified":"2023-05-08T15:10:37+00:00","breadcrumb":{"@id":"https:\/\/desjeuxunefois.be\/index.php\/le-fonctionnement-de-djuf\/ou-nous-trouver\/#breadcrumb"},"inLanguage":"fr-FR","potentialAction":[{"@type":"ReadAction","target":["https:\/\/desjeuxunefois.be\/index.php\/le-fonctionnement-de-djuf\/ou-nous-trouver\/"]}]},{"@type":"BreadcrumbList","@id":"https:\/\/desjeuxunefois.be\/index.php\/le-fonctionnement-de-djuf\/ou-nous-trouver\/#breadcrumb","itemListElement":[{"@type":"ListItem","position":1,"name":"Accueil","item":"https:\/\/desjeuxunefois.be\/"},{"@type":"ListItem","position":2,"name":"Le fonctionnement de DJUF","item":"https:\/\/desjeuxunefois.be\/index.php\/le-fonctionnement-de-djuf\/"},{"@type":"ListItem","position":3,"name":"O\u00f9 nous trouver"}]},{"@type":"WebSite","@id":"https:\/\/desjeuxunefois.be\/#website","url":"https:\/\/desjeuxunefois.be\/","name":"Des Jeux Une Fois","description":"L&#039;actualit\u00e9 ludique belge une fois... mais pas que","publisher":{"@id":"https:\/\/desjeuxunefois.be\/#organization"},"potentialAction":[{"@type":"SearchAction","target":{"@type":"EntryPoint","urlTemplate":"https:\/\/desjeuxunefois.be\/?s={search_term_string}"},"query-input":{"@type":"PropertyValueSpecification","valueRequired":true,"valueName":"search_term_string"}}],"inLanguage":"fr-FR"},{"@type":"Organization","@id":"https:\/\/desjeuxunefois.be\/#organization","name":"Des Jeux Une Fois","url":"https:\/\/desjeuxunefois.be\/","logo":{"@type":"ImageObject","inLanguage":"fr-FR","@id":"https:\/\/desjeuxunefois.be\/#\/schema\/logo\/image\/","url":"https:\/\/desjeuxunefois.be\/wp-content\/uploads\/2019\/12\/logo-djuf.jpg","contentUrl":"https:\/\/desjeuxunefois.be\/wp-content\/uploads\/2019\/12\/logo-djuf.jpg","width":1600,"height":1600,"caption":"Des Jeux Une Fois"},"image":{"@id":"https:\/\/desjeuxunefois.be\/#\/schema\/logo\/image\/"},"sameAs":["https:\/\/www.facebook.com\/desjeuxunefois","https:\/\/x.com\/DesJeuxUneFois","https:\/\/www.instagram.com\/desjeuxunefois","https:\/\/www.youtube.com\/channel\/UC81c64xxUGQhrJ5K6diqshg","https:\/\/www.tiktok.com\/@desjeuxunefois"]}]}},"jetpack_sharing_enabled":true,"jetpack_likes_enabled":true,"jetpack_shortlink":"https:\/\/wp.me\/PbwFH6-1zk","_links":{"self":[{"href":"https:\/\/desjeuxunefois.be\/index.php\/wp-json\/wp\/v2\/pages\/6034","targetHints":{"allow":["GET"]}}],"collection":[{"href":"https:\/\/desjeuxunefois.be\/index.php\/wp-json\/wp\/v2\/pages"}],"about":[{"href":"https:\/\/desjeuxunefois.be\/index.php\/wp-json\/wp\/v2\/types\/page"}],"author":[{"embeddable":true,"href":"https:\/\/desjeuxunefois.be\/index.php\/wp-json\/wp\/v2\/users\/2"}],"replies":[{"embeddable":true,"href":"https:\/\/desjeuxunefois.be\/index.php\/wp-json\/wp\/v2\/comments?post=6034"}],"version-history":[{"count":0,"href":"https:\/\/desjeuxunefois.be\/index.php\/wp-json\/wp\/v2\/pages\/6034\/revisions"}],"up":[{"embeddable":true,"href":"https:\/\/desjeuxunefois.be\/index.php\/wp-json\/wp\/v2\/pages\/5945"}],"wp:attachment":[{"href":"https:\/\/desjeuxunefois.be\/index.php\/wp-json\/wp\/v2\/media?parent=6034"}],"wp:term":[{"taxonomy":"author","embeddable":true,"href":"https:\/\/desjeuxunefois.be\/index.php\/wp-json\/wp\/v2\/ppma_author?post=6034"}],"curies":[{"name":"wp","href":"https:\/\/api.w.org\/{rel}","templated":true}]}}