{"id":5949,"date":"2020-12-27T13:02:48","date_gmt":"2020-12-27T12:02:48","guid":{"rendered":"https:\/\/desjeuxunefois.be\/?page_id=5949"},"modified":"2023-06-19T23:00:08","modified_gmt":"2023-06-19T21:00:08","slug":"charte-des-partenariats","status":"publish","type":"page","link":"https:\/\/desjeuxunefois.be\/index.php\/le-fonctionnement-de-djuf\/charte-des-partenariats\/","title":{"rendered":"Charte des partenariats"},"content":{"rendered":"\n<p>Soyons francs, nous n&rsquo;\u00e9crivons pas seulement sur des jeux que nous poss\u00e9dons mais aussi sur ceux offerts par nos partenaires. Nous ne sommes pas non plus trop gourmands ou profiteurs. Nous ne demandons des jeux qu&rsquo;\u00e0 2 conditions: soit parce qu&rsquo;il est belge, soit parce qu&rsquo;il a une tr\u00e8s grande chance d&rsquo;\u00eatre un coup de c\u0153ur.<\/p>\n\n\n\n<p>Nous savons ce que vous allez vous dire: comment peut-on pr\u00e9sager qu&rsquo;un jeu sera un coup coeur alors qu&rsquo;on ne l&rsquo;a pas test\u00e9?<br>Voil\u00e0 comment nous proc\u00e9dons : <\/p>\n\n\n\n<ul class=\"wp-block-list\">\n<li>Nous nous tenons au courant des nouveaut\u00e9s. Si une m\u00e9canique ou un th\u00e8me nous plait, c&rsquo;est d\u00e9j\u00e0 bon signe.<\/li>\n\n\n\n<li>Nous faisons une recherche sur le jeu. On essaie de trouver des explications, des avis, des tests, des vid\u00e9os. <br>Si le jeu suscite d\u00e9j\u00e0 un r\u00e9el int\u00e9r\u00eat apr\u00e8s \u00e7a, c&rsquo;est encore mieux !<\/li>\n\n\n\n<li>Ensuite on en discute entre nous. Si quelqu&rsquo;un de l&rsquo;\u00e9quipe est aussi emball\u00e9 par le jeu cela r\u00e9duit le risque que le jeu ne m\u00e9rite pas de coup de c\u0153ur.<\/li>\n<\/ul>\n\n\n\n<p>Il faut aussi avouer que dans la bande, nous avons des go\u00fbts assez diff\u00e9rents, si un jeu ne plait pas \u00e0 celui qui a craqu\u00e9 sur le th\u00e8me, il a des chances de plaire \u00e0 quelqu&rsquo;un d&rsquo;autre.<\/p>\n\n\n\n<h2 class=\"wp-block-heading\">Que faire si le jeu ne plait vraiment pas \u00e0 l&rsquo;\u00e9quipe ?!<\/h2>\n\n\n\n<p><strong>Si ce jeu vient d&rsquo;un partenaire qui a insist\u00e9 pour nous le faire tester<\/strong> ou s&rsquo;il nous l&rsquo;a envoy\u00e9 sans qu&rsquo;on ne l&rsquo;ait demand\u00e9, on n&rsquo;\u00e9crit pas dessus. Nous avons \u00e9t\u00e9 clairs avec nos partenaires par rapport \u00e0 \u00e7a. <\/p>\n\n\n\n<p><strong>Si c&rsquo;est un jeu que nous avons demand\u00e9<\/strong>, alors il suffit d&rsquo;\u00eatre honn\u00eate et t\u2019avouer que le jeu que nous avons demand\u00e9 n&rsquo;a finalement pas eu l&rsquo;effet escompt\u00e9 dans  notre coeur. Dans ce cas-l\u00e0, nous opterons plut\u00f4t sur une approche objective en mentionnant que le jeu n&rsquo;a pas r\u00e9pondu \u00e0 nos attentes et nous nous sommes tromp\u00e9s. <\/p>\n\n\n\n<p>Si c&rsquo;est un entre-deux: c&rsquo;\u00e9tait sympa mais sans plus, alors on le mettra dans la cat\u00e9gorie \u00ab\u00a0On a test\u00e9\u00a0\u00bb. <\/p>\n\n\n\n<p>Actuellement nous n&rsquo;avons pas encore \u00e9crit d&rsquo;article sur un jeu qu&rsquo;on n&rsquo;aimait pas du tout  mais si \u00e7a arrivait, la cat\u00e9gorie de celui-ci serait <strong>\u00ab\u00a0oui mais non une fois!\u00a0\u00bb<\/strong> (merci Jon pour l&rsquo;id\u00e9e du nom). <\/p>\n\n\n\n<h2 class=\"wp-block-heading\">Est-ce qu&rsquo;on est pay\u00e9 pour \u00e9crire des chroniques?<\/h2>\n\n\n\n<p>Non. On joue et partage notre ressenti rien que pour toi.  C&rsquo;est notre plaisir et cela le restera ! <\/p>\n\n\n\n<h2 class=\"wp-block-heading\">L&rsquo;union fait la force<\/h2>\n\n\n\n<p>Notre devise: promouvoir la Belgique ludique . Cela veut dire mettre en avant tout ce qui la caract\u00e9rise: ses acteurs, les projets et les lieux. Cela ne peut se faire sans un r\u00e9seau vaste et solide. C&rsquo;est pourquoi Des Jeux Une Fois s&rsquo;associe avec des acteurs ludiques comme Wanna Play, Brussels Games Festival ou Lud\u00e9o car leurs projets m\u00e9ritent une plus grande visibilit\u00e9.  <\/p>\n\n\n\n<h2 class=\"wp-block-heading\">Liste des partenaires<\/h2>\n\n\n\n<p>Vous la retrouverez sur ce<a href=\"https:\/\/desjeuxunefois.be\/index.php\/nos-partenaires\/\"> lien<\/a>. Il s&rsquo;agit d&rsquo;acteurs du monde ludique comme des communaut\u00e9s (Brussels Games Festival, Wanna Play), site comme MyLudo et finalement les \u00e9diteurs et distributeurs de jeux.<\/p>\n\n\n\n<p>Toute l&rsquo;\u00e9quipe tient \u00e0 les remercier pour leur confiance et leur soutien pour nous impliquer davantage dans cet univers magnifique qu&rsquo;est le jeu de soci\u00e9t\u00e9! <\/p>\n\n\n\n<p>Cette liste \u00e9voluera au fil du temps. Nous sommes bien sur ouverts \u00e0 tout lien de partenariat qu&rsquo;on pourrait proposer. Surtout avec des groupes belges.  <\/p>\n","protected":false},"excerpt":{"rendered":"<p class=\"text-justify\">Soyons francs, nous n&rsquo;\u00e9crivons pas seulement sur des jeux que nous poss\u00e9dons mais aussi sur ceux offerts par nos partenaires. Nous ne [&hellip;]<\/p>\n","protected":false},"author":2,"featured_media":0,"parent":5945,"menu_order":0,"comment_status":"closed","ping_status":"closed","template":"","meta":{"_exactmetrics_skip_tracking":false,"_exactmetrics_sitenote_active":false,"_exactmetrics_sitenote_note":"","_exactmetrics_sitenote_category":0,"footnotes":""},"ppma_author":[337],"class_list":["post-5949","page","type-page","status-publish","hentry"],"yoast_head":"<!-- This site is optimized with the Yoast SEO plugin v27.4 - https:\/\/yoast.com\/product\/yoast-seo-wordpress\/ -->\n<title>Charte des partenariats - Des Jeux Une Fois<\/title>\n<meta name=\"robots\" content=\"index, follow, max-snippet:-1, max-image-preview:large, max-video-preview:-1\" \/>\n<link rel=\"canonical\" href=\"https:\/\/desjeuxunefois.be\/index.php\/le-fonctionnement-de-djuf\/charte-des-partenariats\/\" \/>\n<meta property=\"og:locale\" content=\"fr_FR\" \/>\n<meta property=\"og:type\" content=\"article\" \/>\n<meta property=\"og:title\" content=\"Charte des partenariats - Des Jeux Une Fois\" \/>\n<meta property=\"og:description\" content=\"Soyons francs, nous n&rsquo;\u00e9crivons pas seulement sur des jeux que nous poss\u00e9dons mais aussi sur ceux offerts par nos partenaires. Nous ne [&hellip;]\" \/>\n<meta property=\"og:url\" content=\"https:\/\/desjeuxunefois.be\/index.php\/le-fonctionnement-de-djuf\/charte-des-partenariats\/\" \/>\n<meta property=\"og:site_name\" content=\"Des Jeux Une Fois\" \/>\n<meta property=\"article:publisher\" content=\"https:\/\/www.facebook.com\/desjeuxunefois\" \/>\n<meta property=\"article:modified_time\" content=\"2023-06-19T21:00:08+00:00\" \/>\n<meta name=\"twitter:card\" content=\"summary_large_image\" \/>\n<meta name=\"twitter:site\" content=\"@DesJeuxUneFois\" \/>\n<script type=\"application\/ld+json\" class=\"yoast-schema-graph\">{\"@context\":\"https:\\\/\\\/schema.org\",\"@graph\":[{\"@type\":\"WebPage\",\"@id\":\"https:\\\/\\\/desjeuxunefois.be\\\/index.php\\\/le-fonctionnement-de-djuf\\\/charte-des-partenariats\\\/\",\"url\":\"https:\\\/\\\/desjeuxunefois.be\\\/index.php\\\/le-fonctionnement-de-djuf\\\/charte-des-partenariats\\\/\",\"name\":\"Charte des partenariats - Des Jeux Une Fois\",\"isPartOf\":{\"@id\":\"https:\\\/\\\/desjeuxunefois.be\\\/#website\"},\"datePublished\":\"2020-12-27T12:02:48+00:00\",\"dateModified\":\"2023-06-19T21:00:08+00:00\",\"breadcrumb\":{\"@id\":\"https:\\\/\\\/desjeuxunefois.be\\\/index.php\\\/le-fonctionnement-de-djuf\\\/charte-des-partenariats\\\/#breadcrumb\"},\"inLanguage\":\"fr-FR\",\"potentialAction\":[{\"@type\":\"ReadAction\",\"target\":[\"https:\\\/\\\/desjeuxunefois.be\\\/index.php\\\/le-fonctionnement-de-djuf\\\/charte-des-partenariats\\\/\"]}]},{\"@type\":\"BreadcrumbList\",\"@id\":\"https:\\\/\\\/desjeuxunefois.be\\\/index.php\\\/le-fonctionnement-de-djuf\\\/charte-des-partenariats\\\/#breadcrumb\",\"itemListElement\":[{\"@type\":\"ListItem\",\"position\":1,\"name\":\"Accueil\",\"item\":\"https:\\\/\\\/desjeuxunefois.be\\\/\"},{\"@type\":\"ListItem\",\"position\":2,\"name\":\"Le fonctionnement de DJUF\",\"item\":\"https:\\\/\\\/desjeuxunefois.be\\\/index.php\\\/le-fonctionnement-de-djuf\\\/\"},{\"@type\":\"ListItem\",\"position\":3,\"name\":\"Charte des partenariats\"}]},{\"@type\":\"WebSite\",\"@id\":\"https:\\\/\\\/desjeuxunefois.be\\\/#website\",\"url\":\"https:\\\/\\\/desjeuxunefois.be\\\/\",\"name\":\"Des Jeux Une Fois\",\"description\":\"L&#039;actualit\u00e9 ludique belge une fois... mais pas que\",\"publisher\":{\"@id\":\"https:\\\/\\\/desjeuxunefois.be\\\/#organization\"},\"potentialAction\":[{\"@type\":\"SearchAction\",\"target\":{\"@type\":\"EntryPoint\",\"urlTemplate\":\"https:\\\/\\\/desjeuxunefois.be\\\/?s={search_term_string}\"},\"query-input\":{\"@type\":\"PropertyValueSpecification\",\"valueRequired\":true,\"valueName\":\"search_term_string\"}}],\"inLanguage\":\"fr-FR\"},{\"@type\":\"Organization\",\"@id\":\"https:\\\/\\\/desjeuxunefois.be\\\/#organization\",\"name\":\"Des Jeux Une Fois\",\"url\":\"https:\\\/\\\/desjeuxunefois.be\\\/\",\"logo\":{\"@type\":\"ImageObject\",\"inLanguage\":\"fr-FR\",\"@id\":\"https:\\\/\\\/desjeuxunefois.be\\\/#\\\/schema\\\/logo\\\/image\\\/\",\"url\":\"https:\\\/\\\/desjeuxunefois.be\\\/wp-content\\\/uploads\\\/2019\\\/12\\\/logo-djuf.jpg\",\"contentUrl\":\"https:\\\/\\\/desjeuxunefois.be\\\/wp-content\\\/uploads\\\/2019\\\/12\\\/logo-djuf.jpg\",\"width\":1600,\"height\":1600,\"caption\":\"Des Jeux Une Fois\"},\"image\":{\"@id\":\"https:\\\/\\\/desjeuxunefois.be\\\/#\\\/schema\\\/logo\\\/image\\\/\"},\"sameAs\":[\"https:\\\/\\\/www.facebook.com\\\/desjeuxunefois\",\"https:\\\/\\\/x.com\\\/DesJeuxUneFois\",\"https:\\\/\\\/www.instagram.com\\\/desjeuxunefois\",\"https:\\\/\\\/www.youtube.com\\\/channel\\\/UC81c64xxUGQhrJ5K6diqshg\",\"https:\\\/\\\/www.tiktok.com\\\/@desjeuxunefois\"]}]}<\/script>\n<!-- \/ Yoast SEO plugin. -->","yoast_head_json":{"title":"Charte des partenariats - Des Jeux Une Fois","robots":{"index":"index","follow":"follow","max-snippet":"max-snippet:-1","max-image-preview":"max-image-preview:large","max-video-preview":"max-video-preview:-1"},"canonical":"https:\/\/desjeuxunefois.be\/index.php\/le-fonctionnement-de-djuf\/charte-des-partenariats\/","og_locale":"fr_FR","og_type":"article","og_title":"Charte des partenariats - Des Jeux Une Fois","og_description":"Soyons francs, nous n&rsquo;\u00e9crivons pas seulement sur des jeux que nous poss\u00e9dons mais aussi sur ceux offerts par nos partenaires. Nous ne [&hellip;]","og_url":"https:\/\/desjeuxunefois.be\/index.php\/le-fonctionnement-de-djuf\/charte-des-partenariats\/","og_site_name":"Des Jeux Une Fois","article_publisher":"https:\/\/www.facebook.com\/desjeuxunefois","article_modified_time":"2023-06-19T21:00:08+00:00","twitter_card":"summary_large_image","twitter_site":"@DesJeuxUneFois","schema":{"@context":"https:\/\/schema.org","@graph":[{"@type":"WebPage","@id":"https:\/\/desjeuxunefois.be\/index.php\/le-fonctionnement-de-djuf\/charte-des-partenariats\/","url":"https:\/\/desjeuxunefois.be\/index.php\/le-fonctionnement-de-djuf\/charte-des-partenariats\/","name":"Charte des partenariats - Des Jeux Une Fois","isPartOf":{"@id":"https:\/\/desjeuxunefois.be\/#website"},"datePublished":"2020-12-27T12:02:48+00:00","dateModified":"2023-06-19T21:00:08+00:00","breadcrumb":{"@id":"https:\/\/desjeuxunefois.be\/index.php\/le-fonctionnement-de-djuf\/charte-des-partenariats\/#breadcrumb"},"inLanguage":"fr-FR","potentialAction":[{"@type":"ReadAction","target":["https:\/\/desjeuxunefois.be\/index.php\/le-fonctionnement-de-djuf\/charte-des-partenariats\/"]}]},{"@type":"BreadcrumbList","@id":"https:\/\/desjeuxunefois.be\/index.php\/le-fonctionnement-de-djuf\/charte-des-partenariats\/#breadcrumb","itemListElement":[{"@type":"ListItem","position":1,"name":"Accueil","item":"https:\/\/desjeuxunefois.be\/"},{"@type":"ListItem","position":2,"name":"Le fonctionnement de DJUF","item":"https:\/\/desjeuxunefois.be\/index.php\/le-fonctionnement-de-djuf\/"},{"@type":"ListItem","position":3,"name":"Charte des partenariats"}]},{"@type":"WebSite","@id":"https:\/\/desjeuxunefois.be\/#website","url":"https:\/\/desjeuxunefois.be\/","name":"Des Jeux Une Fois","description":"L&#039;actualit\u00e9 ludique belge une fois... mais pas que","publisher":{"@id":"https:\/\/desjeuxunefois.be\/#organization"},"potentialAction":[{"@type":"SearchAction","target":{"@type":"EntryPoint","urlTemplate":"https:\/\/desjeuxunefois.be\/?s={search_term_string}"},"query-input":{"@type":"PropertyValueSpecification","valueRequired":true,"valueName":"search_term_string"}}],"inLanguage":"fr-FR"},{"@type":"Organization","@id":"https:\/\/desjeuxunefois.be\/#organization","name":"Des Jeux Une Fois","url":"https:\/\/desjeuxunefois.be\/","logo":{"@type":"ImageObject","inLanguage":"fr-FR","@id":"https:\/\/desjeuxunefois.be\/#\/schema\/logo\/image\/","url":"https:\/\/desjeuxunefois.be\/wp-content\/uploads\/2019\/12\/logo-djuf.jpg","contentUrl":"https:\/\/desjeuxunefois.be\/wp-content\/uploads\/2019\/12\/logo-djuf.jpg","width":1600,"height":1600,"caption":"Des Jeux Une Fois"},"image":{"@id":"https:\/\/desjeuxunefois.be\/#\/schema\/logo\/image\/"},"sameAs":["https:\/\/www.facebook.com\/desjeuxunefois","https:\/\/x.com\/DesJeuxUneFois","https:\/\/www.instagram.com\/desjeuxunefois","https:\/\/www.youtube.com\/channel\/UC81c64xxUGQhrJ5K6diqshg","https:\/\/www.tiktok.com\/@desjeuxunefois"]}]}},"jetpack_sharing_enabled":true,"jetpack_likes_enabled":true,"jetpack_shortlink":"https:\/\/wp.me\/PbwFH6-1xX","_links":{"self":[{"href":"https:\/\/desjeuxunefois.be\/index.php\/wp-json\/wp\/v2\/pages\/5949","targetHints":{"allow":["GET"]}}],"collection":[{"href":"https:\/\/desjeuxunefois.be\/index.php\/wp-json\/wp\/v2\/pages"}],"about":[{"href":"https:\/\/desjeuxunefois.be\/index.php\/wp-json\/wp\/v2\/types\/page"}],"author":[{"embeddable":true,"href":"https:\/\/desjeuxunefois.be\/index.php\/wp-json\/wp\/v2\/users\/2"}],"replies":[{"embeddable":true,"href":"https:\/\/desjeuxunefois.be\/index.php\/wp-json\/wp\/v2\/comments?post=5949"}],"version-history":[{"count":0,"href":"https:\/\/desjeuxunefois.be\/index.php\/wp-json\/wp\/v2\/pages\/5949\/revisions"}],"up":[{"embeddable":true,"href":"https:\/\/desjeuxunefois.be\/index.php\/wp-json\/wp\/v2\/pages\/5945"}],"wp:attachment":[{"href":"https:\/\/desjeuxunefois.be\/index.php\/wp-json\/wp\/v2\/media?parent=5949"}],"wp:term":[{"taxonomy":"author","embeddable":true,"href":"https:\/\/desjeuxunefois.be\/index.php\/wp-json\/wp\/v2\/ppma_author?post=5949"}],"curies":[{"name":"wp","href":"https:\/\/api.w.org\/{rel}","templated":true}]}}