{"id":586,"date":"2019-12-11T03:21:34","date_gmt":"2019-12-11T09:21:34","guid":{"rendered":"http:\/\/desjeuxunefois.be\/?page_id=586"},"modified":"2025-05-29T10:49:29","modified_gmt":"2025-05-29T08:49:29","slug":"presentation","status":"publish","type":"page","link":"https:\/\/desjeuxunefois.be\/index.php\/presentation\/","title":{"rendered":"Pr\u00e9sentation"},"content":{"rendered":"\n<p>Des Jeux Une Fois, c\u2019est un site sur l&rsquo;actualit\u00e9 ludique belge fait par des passionn\u00e9s et destin\u00e9 \u00e0 toute forme de public&#8230; mais pas que !<\/p>\n\n\n\n<p>Ce site, on l&rsquo;a cr\u00e9\u00e9 pour toi! Oui toi, derri\u00e8re ton \u00e9cran car tu partages avec nous cette belle passion qu&rsquo;est  jouer! Notre objectif  avant tout, est de t&rsquo;informer de ce que la Belgique ludique a fait de meilleur: des auteurs \u00e0 succ\u00e8s, des illustrateurs de talents,  des \u00e9diteurs fabuleux,  des \u00e9v\u00e8nements grandioses et pleins d&rsquo;autres acteurs ludiques belges  engag\u00e9s pour cette belle cause comme les lieux (ludoth\u00e8ques, bars \u00e0 jeux, boutiques) ou organisations (association de jeux, BGF). <\/p>\n\n\n\n<p>Ne soyons cependant pas chauvins! Tous les pays du monde sont riches de cr\u00e9ativit\u00e9 ludique!  C&rsquo;est pourquoi on va aussi te parler de nos coups de coeur sur des jeux non belges et essayer de t&rsquo;expliquer les raisons m\u00eame si le coeur a ses raisons que la raison ne connait point&#8230; <\/p>\n\n\n\n<p>Nous te d\u00e9crirons donc le jeu, ses m\u00e9canismes mais on se tardera surtout sur le verdict car on veut t&rsquo;expliquer pourquoi NOUS, on a aim\u00e9 le jeu.  Il se peut \u00e9videmment qu&rsquo;il ne te plaise pas et on est curieux de conna\u00eetre TON avis. <\/p>\n\n\n\n<p>Des Jeux Une Fois, c&rsquo;est une \u00e9quipe de bons potes centr\u00e9e sur l&rsquo;\u00e9changes et le partage!  <\/p>\n\n\n\n<p>Ha oui, nous allions oublier une fois! En dessous, on t&rsquo;explique les cat\u00e9gories d&rsquo;articles car avec tout ce brol, on s&rsquo;y perd aussi! <\/p>\n\n\n\n<h3 class=\"wp-block-heading\">LIBELLES<\/h3>\n\n\n\n<ul class=\"wp-block-list\">\n<li><a href=\"https:\/\/desjeuxunefois.be\/index.php\/category\/acteurs\/\">Acteurs<\/a> : pr\u00e9sentations d\u2019acteurs belges : auteurs, distributeurs, \u00e9diteurs, \u2026<\/li>\n\n\n\n<li><a href=\"https:\/\/desjeuxunefois.be\/index.php\/category\/be-proto\/\">Be Proto<\/a> : pr\u00e9sentation de prototypes de jeux belges<\/li>\n\n\n\n<li><a href=\"https:\/\/desjeuxunefois.be\/index.php\/category\/concours\/\">Concours<\/a> : des jeux ou des prix ludiques \u00e0 gagner gr\u00e2ce \u00e0 de sympathiques partenariats<\/li>\n\n\n\n<li><a href=\"https:\/\/desjeuxunefois.be\/index.php\/category\/crowdfunding\/\">Crowdfunding<\/a> : les projets en financement participatif belges ou coups de coeur<\/li>\n\n\n\n<li><a href=\"https:\/\/desjeuxunefois.be\/index.php\/category\/du-digital-une-fois\/\">Du digital une fois<\/a> : Les jeux de soci\u00e9t\u00e9 et le digital deviennent de plus en plus compl\u00e9mentaires. Que ce soit adaptations num\u00e9riques, outils sur la toile.<\/li>\n\n\n\n<li><a href=\"https:\/\/desjeuxunefois.be\/index.php\/category\/essai-ludique\/\">Essai ludique<\/a> : Des articles sur un th\u00e8me pr\u00e9cis autour du jeu:&nbsp; science, m\u00e9canique et technologie, exp\u00e9rience personnelle<\/li>\n\n\n\n<li><a href=\"https:\/\/desjeuxunefois.be\/index.php\/category\/evenements\/\">Ev\u00e9nements belges<\/a> : les soir\u00e9es que nous organisons ou les \u00e9v\u00e8nements belges auxquels nous avons particip\u00e9s soit en tant que joueurs soit en tant que testeurs (prix ludiques belges, festival belges)<\/li>\n\n\n\n<li><a href=\"https:\/\/desjeuxunefois.be\/index.php\/category\/evenements\/djuf-en-voyage\/\">DJUF en voyage <\/a>: Quid des \u00e9v\u00e8nements comme Essen, Paris est Ludique, Festval International des Jeux de Cannes? On t&rsquo;en parle bien s\u00fbr dans cette cat\u00e9gorie. <\/li>\n\n\n\n<li><a href=\"https:\/\/desjeuxunefois.be\/index.php\/category\/jeux\/\">Jeux<\/a> : <br># <a href=\"https:\/\/desjeuxunefois.be\/index.php\/category\/jeux\/coups-de-coeur\/\">Coups de c\u0153ur<\/a> : les coups de coeur de l&rsquo;\u00e9quipe (jeux non belge)<br># <a href=\"https:\/\/desjeuxunefois.be\/index.php\/category\/jeux\/jeux-belges\/\">Jeux belges<\/a> : pr\u00e9sentation des jeux belges de par l&rsquo;auteur, l&rsquo;illustrateur et\/ou l&rsquo;\u00e9diteur<br># <a href=\"https:\/\/desjeuxunefois.be\/index.php\/category\/on-a-teste\/\">On a test\u00e9<\/a> : des jeux non-belges qui ne sont malheureusement pas des Coups de coeur.<br># <a href=\"https:\/\/desjeuxunefois.be\/index.php\/category\/jeux\/solos\/\">Solos<\/a> : pr\u00e9sentation de jeux \u00e0 jouer en solo<br>#<a href=\"https:\/\/desjeuxunefois.be\/index.php\/category\/jeux\/duo\/\"> Duo<\/a> : pr\u00e9sentation de jeux exclusivement \u00e0 deux<br># <a href=\"https:\/\/desjeuxunefois.be\/index.php\/category\/jeux\/enfants\/\">Enfants<\/a> : m\u00eame nos petits ont leur mot \u00e0 dire! <br># <a href=\"https:\/\/desjeuxunefois.be\/index.php\/category\/jeux\/jeu-de-role\/\">Jeu de r\u00f4le<\/a> : tout est dans le titre &#8230;.<br># <a href=\"https:\/\/desjeuxunefois.be\/index.php\/category\/jeux\/Nederlands-in-de-titel\/\">Nederlands in de titel<\/a>: artikelen voor onze NL lezers<\/li>\n\n\n\n<li><a href=\"https:\/\/desjeuxunefois.be\/index.php\/category\/le-jeu-une-fois\/\">Le Jeu Une Fois<\/a> : l&rsquo;\u00e9lection du jeu belge de l&rsquo;ann\u00e9e organis\u00e9e par notre blog<\/li>\n\n\n\n<li><a href=\"https:\/\/desjeuxunefois.be\/index.php\/category\/lieux\/\">Lieux<\/a> : magasins sp\u00e9cialis\u00e9s, ludoth\u00e8ques, tables de jeux, \u2026 en Belgique<\/li>\n\n\n\n<li><a href=\"https:\/\/desjeuxunefois.be\/index.php\/category\/news\/\">News<\/a> : des actualit\u00e9s belges et internationales, infos \u00e0 ne pas rater<\/li>\n\n\n\n<li><a href=\"https:\/\/desjeuxunefois.be\/index.php\/category\/off_board\/\/\">Off Board<\/a>: des exp\u00e9riences ludiques hors plateau comme le escape game, murder party, lecture ludique<\/li>\n\n\n\n<li><a href=\"https:\/\/desjeuxunefois.be\/index.php\/category\/videos\/\">Vid\u00e9o<\/a> : <br># <a href=\"https:\/\/desjeuxunefois.be\/index.php\/category\/videos\/dvuf\/\">DVUF<\/a> : notre \u00e9mission live sur le net <br># <a href=\"https:\/\/desjeuxunefois.be\/index.php\/category\/videos\/video-jeux\/\">Vid\u00e9os jeux<\/a> : des vid\u00e9os ludiques cr\u00e9\u00e9es par notre \u00e9quipe (pr\u00e9sentation, partie, review)<\/li>\n<\/ul>\n","protected":false},"excerpt":{"rendered":"<p class=\"text-justify\">Des Jeux Une Fois, c\u2019est un site sur l&rsquo;actualit\u00e9 ludique belge fait par des passionn\u00e9s et destin\u00e9 \u00e0 toute forme de public&#8230; [&hellip;]<\/p>\n","protected":false},"author":2,"featured_media":0,"parent":0,"menu_order":0,"comment_status":"closed","ping_status":"closed","template":"","meta":{"_exactmetrics_skip_tracking":false,"_exactmetrics_sitenote_active":false,"_exactmetrics_sitenote_note":"","_exactmetrics_sitenote_category":0,"footnotes":""},"ppma_author":[337],"class_list":["post-586","page","type-page","status-publish","hentry"],"yoast_head":"<!-- This site is optimized with the Yoast SEO plugin v27.4 - https:\/\/yoast.com\/product\/yoast-seo-wordpress\/ -->\n<title>Pr\u00e9sentation - Des Jeux Une Fois<\/title>\n<meta name=\"robots\" content=\"index, follow, max-snippet:-1, max-image-preview:large, max-video-preview:-1\" \/>\n<link rel=\"canonical\" href=\"https:\/\/desjeuxunefois.be\/index.php\/presentation\/\" \/>\n<meta property=\"og:locale\" content=\"fr_FR\" \/>\n<meta property=\"og:type\" content=\"article\" \/>\n<meta property=\"og:title\" content=\"Pr\u00e9sentation - Des Jeux Une Fois\" \/>\n<meta property=\"og:description\" content=\"Des Jeux Une Fois, c\u2019est un site sur l&rsquo;actualit\u00e9 ludique belge fait par des passionn\u00e9s et destin\u00e9 \u00e0 toute forme de public&#8230; [&hellip;]\" \/>\n<meta property=\"og:url\" content=\"https:\/\/desjeuxunefois.be\/index.php\/presentation\/\" \/>\n<meta property=\"og:site_name\" content=\"Des Jeux Une Fois\" \/>\n<meta property=\"article:publisher\" content=\"https:\/\/www.facebook.com\/desjeuxunefois\" \/>\n<meta property=\"article:modified_time\" content=\"2025-05-29T08:49:29+00:00\" \/>\n<meta name=\"twitter:card\" content=\"summary_large_image\" \/>\n<meta name=\"twitter:site\" content=\"@DesJeuxUneFois\" \/>\n<script type=\"application\/ld+json\" class=\"yoast-schema-graph\">{\"@context\":\"https:\\\/\\\/schema.org\",\"@graph\":[{\"@type\":\"WebPage\",\"@id\":\"https:\\\/\\\/desjeuxunefois.be\\\/index.php\\\/presentation\\\/\",\"url\":\"https:\\\/\\\/desjeuxunefois.be\\\/index.php\\\/presentation\\\/\",\"name\":\"Pr\u00e9sentation - Des Jeux Une Fois\",\"isPartOf\":{\"@id\":\"https:\\\/\\\/desjeuxunefois.be\\\/#website\"},\"datePublished\":\"2019-12-11T09:21:34+00:00\",\"dateModified\":\"2025-05-29T08:49:29+00:00\",\"breadcrumb\":{\"@id\":\"https:\\\/\\\/desjeuxunefois.be\\\/index.php\\\/presentation\\\/#breadcrumb\"},\"inLanguage\":\"fr-FR\",\"potentialAction\":[{\"@type\":\"ReadAction\",\"target\":[\"https:\\\/\\\/desjeuxunefois.be\\\/index.php\\\/presentation\\\/\"]}]},{\"@type\":\"BreadcrumbList\",\"@id\":\"https:\\\/\\\/desjeuxunefois.be\\\/index.php\\\/presentation\\\/#breadcrumb\",\"itemListElement\":[{\"@type\":\"ListItem\",\"position\":1,\"name\":\"Accueil\",\"item\":\"https:\\\/\\\/desjeuxunefois.be\\\/\"},{\"@type\":\"ListItem\",\"position\":2,\"name\":\"Pr\u00e9sentation\"}]},{\"@type\":\"WebSite\",\"@id\":\"https:\\\/\\\/desjeuxunefois.be\\\/#website\",\"url\":\"https:\\\/\\\/desjeuxunefois.be\\\/\",\"name\":\"Des Jeux Une Fois\",\"description\":\"L&#039;actualit\u00e9 ludique belge une fois... mais pas que\",\"publisher\":{\"@id\":\"https:\\\/\\\/desjeuxunefois.be\\\/#organization\"},\"potentialAction\":[{\"@type\":\"SearchAction\",\"target\":{\"@type\":\"EntryPoint\",\"urlTemplate\":\"https:\\\/\\\/desjeuxunefois.be\\\/?s={search_term_string}\"},\"query-input\":{\"@type\":\"PropertyValueSpecification\",\"valueRequired\":true,\"valueName\":\"search_term_string\"}}],\"inLanguage\":\"fr-FR\"},{\"@type\":\"Organization\",\"@id\":\"https:\\\/\\\/desjeuxunefois.be\\\/#organization\",\"name\":\"Des Jeux Une Fois\",\"url\":\"https:\\\/\\\/desjeuxunefois.be\\\/\",\"logo\":{\"@type\":\"ImageObject\",\"inLanguage\":\"fr-FR\",\"@id\":\"https:\\\/\\\/desjeuxunefois.be\\\/#\\\/schema\\\/logo\\\/image\\\/\",\"url\":\"https:\\\/\\\/desjeuxunefois.be\\\/wp-content\\\/uploads\\\/2019\\\/12\\\/logo-djuf.jpg\",\"contentUrl\":\"https:\\\/\\\/desjeuxunefois.be\\\/wp-content\\\/uploads\\\/2019\\\/12\\\/logo-djuf.jpg\",\"width\":1600,\"height\":1600,\"caption\":\"Des Jeux Une Fois\"},\"image\":{\"@id\":\"https:\\\/\\\/desjeuxunefois.be\\\/#\\\/schema\\\/logo\\\/image\\\/\"},\"sameAs\":[\"https:\\\/\\\/www.facebook.com\\\/desjeuxunefois\",\"https:\\\/\\\/x.com\\\/DesJeuxUneFois\",\"https:\\\/\\\/www.instagram.com\\\/desjeuxunefois\",\"https:\\\/\\\/www.youtube.com\\\/channel\\\/UC81c64xxUGQhrJ5K6diqshg\",\"https:\\\/\\\/www.tiktok.com\\\/@desjeuxunefois\"]}]}<\/script>\n<!-- \/ Yoast SEO plugin. -->","yoast_head_json":{"title":"Pr\u00e9sentation - Des Jeux Une Fois","robots":{"index":"index","follow":"follow","max-snippet":"max-snippet:-1","max-image-preview":"max-image-preview:large","max-video-preview":"max-video-preview:-1"},"canonical":"https:\/\/desjeuxunefois.be\/index.php\/presentation\/","og_locale":"fr_FR","og_type":"article","og_title":"Pr\u00e9sentation - Des Jeux Une Fois","og_description":"Des Jeux Une Fois, c\u2019est un site sur l&rsquo;actualit\u00e9 ludique belge fait par des passionn\u00e9s et destin\u00e9 \u00e0 toute forme de public&#8230; [&hellip;]","og_url":"https:\/\/desjeuxunefois.be\/index.php\/presentation\/","og_site_name":"Des Jeux Une Fois","article_publisher":"https:\/\/www.facebook.com\/desjeuxunefois","article_modified_time":"2025-05-29T08:49:29+00:00","twitter_card":"summary_large_image","twitter_site":"@DesJeuxUneFois","schema":{"@context":"https:\/\/schema.org","@graph":[{"@type":"WebPage","@id":"https:\/\/desjeuxunefois.be\/index.php\/presentation\/","url":"https:\/\/desjeuxunefois.be\/index.php\/presentation\/","name":"Pr\u00e9sentation - Des Jeux Une Fois","isPartOf":{"@id":"https:\/\/desjeuxunefois.be\/#website"},"datePublished":"2019-12-11T09:21:34+00:00","dateModified":"2025-05-29T08:49:29+00:00","breadcrumb":{"@id":"https:\/\/desjeuxunefois.be\/index.php\/presentation\/#breadcrumb"},"inLanguage":"fr-FR","potentialAction":[{"@type":"ReadAction","target":["https:\/\/desjeuxunefois.be\/index.php\/presentation\/"]}]},{"@type":"BreadcrumbList","@id":"https:\/\/desjeuxunefois.be\/index.php\/presentation\/#breadcrumb","itemListElement":[{"@type":"ListItem","position":1,"name":"Accueil","item":"https:\/\/desjeuxunefois.be\/"},{"@type":"ListItem","position":2,"name":"Pr\u00e9sentation"}]},{"@type":"WebSite","@id":"https:\/\/desjeuxunefois.be\/#website","url":"https:\/\/desjeuxunefois.be\/","name":"Des Jeux Une Fois","description":"L&#039;actualit\u00e9 ludique belge une fois... mais pas que","publisher":{"@id":"https:\/\/desjeuxunefois.be\/#organization"},"potentialAction":[{"@type":"SearchAction","target":{"@type":"EntryPoint","urlTemplate":"https:\/\/desjeuxunefois.be\/?s={search_term_string}"},"query-input":{"@type":"PropertyValueSpecification","valueRequired":true,"valueName":"search_term_string"}}],"inLanguage":"fr-FR"},{"@type":"Organization","@id":"https:\/\/desjeuxunefois.be\/#organization","name":"Des Jeux Une Fois","url":"https:\/\/desjeuxunefois.be\/","logo":{"@type":"ImageObject","inLanguage":"fr-FR","@id":"https:\/\/desjeuxunefois.be\/#\/schema\/logo\/image\/","url":"https:\/\/desjeuxunefois.be\/wp-content\/uploads\/2019\/12\/logo-djuf.jpg","contentUrl":"https:\/\/desjeuxunefois.be\/wp-content\/uploads\/2019\/12\/logo-djuf.jpg","width":1600,"height":1600,"caption":"Des Jeux Une Fois"},"image":{"@id":"https:\/\/desjeuxunefois.be\/#\/schema\/logo\/image\/"},"sameAs":["https:\/\/www.facebook.com\/desjeuxunefois","https:\/\/x.com\/DesJeuxUneFois","https:\/\/www.instagram.com\/desjeuxunefois","https:\/\/www.youtube.com\/channel\/UC81c64xxUGQhrJ5K6diqshg","https:\/\/www.tiktok.com\/@desjeuxunefois"]}]}},"jetpack_sharing_enabled":true,"jetpack_likes_enabled":true,"jetpack_shortlink":"https:\/\/wp.me\/PbwFH6-9s","_links":{"self":[{"href":"https:\/\/desjeuxunefois.be\/index.php\/wp-json\/wp\/v2\/pages\/586","targetHints":{"allow":["GET"]}}],"collection":[{"href":"https:\/\/desjeuxunefois.be\/index.php\/wp-json\/wp\/v2\/pages"}],"about":[{"href":"https:\/\/desjeuxunefois.be\/index.php\/wp-json\/wp\/v2\/types\/page"}],"author":[{"embeddable":true,"href":"https:\/\/desjeuxunefois.be\/index.php\/wp-json\/wp\/v2\/users\/2"}],"replies":[{"embeddable":true,"href":"https:\/\/desjeuxunefois.be\/index.php\/wp-json\/wp\/v2\/comments?post=586"}],"version-history":[{"count":1,"href":"https:\/\/desjeuxunefois.be\/index.php\/wp-json\/wp\/v2\/pages\/586\/revisions"}],"predecessor-version":[{"id":29845,"href":"https:\/\/desjeuxunefois.be\/index.php\/wp-json\/wp\/v2\/pages\/586\/revisions\/29845"}],"wp:attachment":[{"href":"https:\/\/desjeuxunefois.be\/index.php\/wp-json\/wp\/v2\/media?parent=586"}],"wp:term":[{"taxonomy":"author","embeddable":true,"href":"https:\/\/desjeuxunefois.be\/index.php\/wp-json\/wp\/v2\/ppma_author?post=586"}],"curies":[{"name":"wp","href":"https:\/\/api.w.org\/{rel}","templated":true}]}}