{"id":2189,"date":"2020-05-02T17:57:08","date_gmt":"2020-05-02T15:57:08","guid":{"rendered":"https:\/\/desjeuxunefois.be\/?page_id=2189"},"modified":"2025-02-21T00:05:58","modified_gmt":"2025-02-20T23:05:58","slug":"nos-partenaires","status":"publish","type":"page","link":"https:\/\/desjeuxunefois.be\/index.php\/nos-partenaires\/","title":{"rendered":"Nos partenaires"},"content":{"rendered":"\n<p>Des Jeux Une Fois aime aussi r\u00e9unir autour d&rsquo;eux diff\u00e9rents acteurs du monde ludique pour vous servir au mieux. <\/p>\n\n\n\n<p>Que ce soit par coup de coeur pour leurs initiatives, ou par service rendu, voici donc la liste de nos partenaires:<\/p>\n\n\n\n<h2 class=\"wp-block-heading\">Les communaut\u00e9s<\/h2>\n\n\n\n<div class=\"wp-block-group\"><div class=\"wp-block-group__inner-container is-layout-flow wp-block-group-is-layout-flow\"><div class=\"wp-block-image\">\n<figure class=\"alignleft size-large is-resized\"><img loading=\"lazy\" decoding=\"async\" width=\"150\" height=\"150\" src=\"https:\/\/desjeuxunefois.be\/wp-content\/uploads\/2020\/04\/bgf.png\" alt=\"Logo Brussels game festival\" class=\"wp-image-2193\" style=\"width:91px;height:91px\"\/><\/figure>\n<\/div>\n\n\n<div class=\"wp-block-group\"><div class=\"wp-block-group__inner-container is-layout-flow wp-block-group-is-layout-flow\">\n<div class=\"wp-block-group\"><div class=\"wp-block-group__inner-container is-layout-flow wp-block-group-is-layout-flow\">\n<p><a rel=\"noreferrer noopener\" href=\"https:\/\/brusselsgamesfestival.be\/\" target=\"_blank\">Brussels Games Festival<\/a> : Le plus grand festival belge ludique \u00e0 ce jour. Un rendez-vous immanquable. <a href=\"http:\/\/desjeuxunefois.be\/?s=+Brussels+games+festival\">On en parle \u00e0 chaque \u00e9dition<\/a>.<br><\/p>\n\n\n\n<p style=\"clear: both\">&nbsp;<\/p>\n<\/div><\/div>\n<\/div><\/div>\n<\/div><\/div>\n\n\n\n<div class=\"wp-block-group\"><div class=\"wp-block-group__inner-container is-layout-flow wp-block-group-is-layout-flow\"><div class=\"wp-block-image\">\n<figure class=\"alignleft size-large is-resized\"><img loading=\"lazy\" decoding=\"async\" width=\"150\" height=\"150\" src=\"https:\/\/desjeuxunefois.be\/wp-content\/uploads\/2020\/04\/wanna-play.png\" alt=\"\" class=\"wp-image-2195\" style=\"width:91px;height:91px\"\/><\/figure>\n<\/div>\n\n\n<p><a rel=\"noreferrer noopener\" href=\"https:\/\/www.wanna-play.be\/\" target=\"_blank\">Wanna Play<\/a> : Tu cherches une soir\u00e9e jeux, un \u00e9v\u00e9nement, un magasin, une ludoth\u00e8que, un bar \u00e0 jeux, un club, \u2026?<br>Retrouve toute l&rsquo;info li\u00e9e au monde du jeu de soci\u00e9t\u00e9 sur Wanna Play!<\/p>\n<\/div><\/div>\n\n\n\n<p style=\"clear: both\">&nbsp;<\/p>\n\n\n\n<div class=\"wp-block-group\"><div class=\"wp-block-group__inner-container is-layout-flow wp-block-group-is-layout-flow\"><div class=\"wp-block-image\">\n<figure class=\"alignleft size-thumbnail\"><img loading=\"lazy\" decoding=\"async\" width=\"150\" height=\"150\" src=\"https:\/\/desjeuxunefois.be\/wp-content\/uploads\/2023\/01\/10394105_336418823173157_950094242248750372_n-e1673271649675-150x150.png\" alt=\"Ludobel\" class=\"wp-image-16766\"\/><\/figure>\n<\/div>\n\n\n<p><strong><a href=\"https:\/\/ludobel.be\/\">LUDO asbl <\/a>est une association de promotion culturelle du jeu<\/strong><\/p>\n\n\n\n<p>Elle est reconnue (1986) puis conventionn\u00e9e (2009) en \u00e9ducation permanente par le Minist\u00e8re de la Culture de la F\u00e9d\u00e9ration Wallonie-Bruxelles. Dans ce cadre, elle f\u00e9d\u00e8re depuis 1982 un maximum de ludocentres francophones belges tels les ludoth\u00e8ques (association des ludoth\u00e8ques francophones belges depuis 1982), clubs de jeux, mus\u00e9es du jeu et du jouet et autres associations ludiques non commerciales ainsi que toute personne int\u00e9ress\u00e9e par son objet social.<\/p>\n<\/div><\/div>\n\n\n\n<p style=\"clear: both\">&nbsp;<\/p>\n\n\n\n<h2 class=\"wp-block-heading\">Les sites partenaires<\/h2>\n\n\n\n<div class=\"wp-block-group\"><div class=\"wp-block-group__inner-container is-layout-flow wp-block-group-is-layout-flow\"><div class=\"wp-block-image\">\n<figure class=\"alignleft size-large is-resized\"><img loading=\"lazy\" decoding=\"async\" width=\"150\" height=\"150\" src=\"https:\/\/desjeuxunefois.be\/wp-content\/uploads\/2020\/04\/my-ludo.png\" alt=\"\" class=\"wp-image-2197\" style=\"width:93px;height:93px\"\/><\/figure>\n<\/div>\n\n\n<p><a rel=\"noreferrer noopener\" href=\"https:\/\/www.myludo.fr\/\" target=\"_blank\">MyLudo<\/a> : outil gratuit  en ligne de gestion de ludoth\u00e8que et de statistiques. <br>Si vous voulez en savoir plus, n&rsquo;h\u00e9sitez pas \u00e0 vous en r\u00e9f\u00e9rer \u00e0 <a href=\"https:\/\/desjeuxunefois.be\/index.php\/2020\/02\/11\/votre-ludotheque-en-ligne-avec-myludo\/\">notre article<\/a>.<br><\/p>\n<\/div><\/div>\n\n\n\n<p style=\"clear: both\">&nbsp;<\/p>\n\n\n\n<h2 class=\"wp-block-heading\">Les \u00e9diteurs et distributeurs<\/h2>\n\n\n\n<p>Pour nous permettre de vous faire partager nos coups de c\u0153urs ludiques, en plus de nos jeux dans notre ludoth\u00e8que personnelle, nous sommes approvisionn\u00e9s par les acteurs de l&rsquo;\u00e9dition et de la distribution de jeux. <\/p>\n\n\n\n<p><strong>Voici nos principaux partenaires \u00e9diteurs et distribiteurs<\/strong> :<\/p>\n\n\n\n<p><a rel=\"noreferrer noopener\" href=\"https:\/\/be.asmodee.com\/fr-be\/\" target=\"_blank\">Asmod\u00e9e Belgium<\/a> : <a href=\"https:\/\/desjeuxunefois.be\/index.php\/tag\/asmodee\/\">Nos articles sur les jeux de ce partenaire<\/a>.<\/p>\n\n\n\n<p><a rel=\"noreferrer noopener\" href=\"http:\/\/geronimogames.com\/\" target=\"_blank\">Geronimo<\/a> : <a href=\"https:\/\/desjeuxunefois.be\/index.php\/tag\/geronimo\/\">Nos articles sur les jeux de ce partenaire<\/a>.<\/p>\n\n\n\n<p><a rel=\"noreferrer noopener\" href=\"https:\/\/www.gigamic.com\/\" target=\"_blank\">Gigamic<\/a>&nbsp;: <a href=\"https:\/\/desjeuxunefois.be\/index.php\/tag\/gigamic\/\">Nos articles sur les jeux de ce partenaire<\/a>.<\/p>\n\n\n\n<p><a rel=\"noreferrer noopener\" href=\"https:\/\/www.atalia-jeux.com\/\" target=\"_blank\">Atalia<\/a> : <a href=\"https:\/\/desjeuxunefois.be\/index.php\/tag\/atalia\/\">Nos articles sur les jeux de ce partenaire<\/a>.<\/p>\n\n\n\n<p><a rel=\"noreferrer noopener\" href=\"https:\/\/www.iello.be\/\" target=\"_blank\">Iello<\/a> : <a href=\"https:\/\/desjeuxunefois.be\/index.php\/tag\/iello\/\">Nos articles sur les jeux de ce partenaire<\/a>.<\/p>\n\n\n\n<p><a rel=\"noreferrer noopener\" href=\"https:\/\/www.blackrockgames.fr\/\" target=\"_blank\">Blackrock games<\/a> : <a href=\"https:\/\/desjeuxunefois.be\/index.php\/tag\/blackrock\/\">Nos articles sur les jeux de ce partenaire<\/a>.<\/p>\n\n\n\n<p><a href=\"https:\/\/black-book-editions.fr\/\">Black Book Editions<\/a> : <a href=\"https:\/\/desjeuxunefois.be\/index.php\/tag\/black-book-editions\">Nos articles sur les jeux de ce partenaire<\/a>.<\/p>\n\n\n\n<p><a href=\"https:\/\/luckyduckgames.com\/\">Lucky Duck Game<\/a> : <a href=\"https:\/\/desjeuxunefois.be\/index.php\/tag\/lucky-duck-games\/\">Nos articles sur les jeux de ce partenaire<\/a>.<\/p>\n\n\n\n<p><a href=\"https:\/\/studiohgames.fr\/\" target=\"_blank\" rel=\"noreferrer noopener\">Studio H<\/a> : <a href=\"https:\/\/desjeuxunefois.be\/index.php\/tag\/studio-h\/\">Nos articles sur les jeux de ce partenaire<\/a>.<\/p>\n\n\n\n<p><a href=\"https:\/\/www.matagot.com\/\">Matagot<\/a> : <a href=\"https:\/\/desjeuxunefois.be\/index.php\/tag\/matagot\/\">Nos articles sur les jeux de ce partenaire<\/a>.<\/p>\n\n\n\n<p><a href=\"https:\/\/www.lisez.com\/404-editions\/24\">404 Editions<\/a> : <a href=\"https:\/\/desjeuxunefois.be\/index.php\/tag\/404-Editions\">Nos articles sur les jeux de ce partenaire<\/a>.<\/p>\n\n\n\n<p><a href=\"http:\/\/www.intrafin.eu\/fr\/\" target=\"_blank\" aria-label=\"undefined (s\u2019ouvre dans un nouvel onglet)\" rel=\"noreferrer noopener\">Intrafin<\/a> : <a href=\"https:\/\/desjeuxunefois.be\/index.php\/tag\/intrafin\/\">Nos articles sur les jeux de ce partenaire<\/a>.<\/p>\n\n\n\n<p><a href=\"https:\/\/www.funforge.fr\/\" target=\"_blank\" aria-label=\"undefined (s\u2019ouvre dans un nouvel onglet)\" rel=\"noreferrer noopener\">Funforge<\/a> : <a href=\"https:\/\/desjeuxunefois.be\/index.php\/tag\/funforge\/\">Nos articles sur les jeux de ce partenaire<\/a>.<\/p>\n\n\n\n<p><a href=\"https:\/\/www.facebook.com\/bigmonster.explor8\/\" target=\"_blank\" aria-label=\"undefined (s\u2019ouvre dans un nouvel onglet)\" rel=\"noreferrer noopener\">Explor8<\/a> : <a href=\"https:\/\/desjeuxunefois.be\/index.php\/tag\/explor8\/\">Nos articles sur les jeux de ce partenaire<\/a>.<\/p>\n\n\n\n<p><a href=\"http:\/\/www.djeco.com\/fr\">Djeco<\/a> : <a href=\"https:\/\/desjeuxunefois.be\/index.php\/tag\/djeco\/\">Nos articles sur les jeux de ce partenaire<\/a><\/p>\n\n\n\n<p><a href=\"https:\/\/www.smartgames.eu\/fr\">SmartGames<\/a>: <a href=\"https:\/\/desjeuxunefois.be\/index.php\/tag\/Smartgames\/\">Nos articles sur les jeux de ce partenaire.<\/a><\/p>\n\n\n\n<p><a href=\"https:\/\/sitdown-games.com\/\">Sit Down!<\/a> : <a href=\"https:\/\/desjeuxunefois.be\/index.php\/tag\/SitDown\/\">Nos articles sur les jeux de ce partenaire.<\/a><\/p>\n\n\n\n<p><a href=\"https:\/\/lumberjacks-studio.com\/fr\/\" target=\"_blank\" rel=\"noreferrer noopener\">Lumberjacks<\/a> : <a href=\"https:\/\/desjeuxunefois.be\/index.php\/tag\/Lumberjacks\/\">Nos articles sur les jeux de ce partenaire.<\/a><\/p>\n\n\n\n<p><a href=\"http:\/\/www.catchupgames.com\/\" target=\"_blank\" rel=\"noreferrer noopener\">Catch Up Games<\/a> : <a href=\"https:\/\/desjeuxunefois.be\/index.php\/tag\/catch-up-games\/\">Nos articles sur les jeux de ce partenaire<\/a>.<\/p>\n\n\n\n<p><a href=\"http:\/\/www.catchupgames.com\/\" target=\"_blank\" rel=\"noreferrer noopener\">Bankiiiz Editions<\/a> : <a href=\"https:\/\/desjeuxunefois.be\/index.php\/tag\/bankiiiz-editions\">Nos articles sur les jeux de ce partenaire<\/a>.<\/p>\n\n\n\n<p><a href=\"https:\/\/www.act-in-games.com\/fr\" target=\"_blank\" rel=\"noreferrer noopener\">Act in Game<\/a> : <a href=\"https:\/\/desjeuxunefois.be\/index.php\/tag\/act-in-games\/\">Nos articles sur les jeux de ce partenaire<\/a>.<\/p>\n\n\n\n<p><a href=\"https:\/\/www.dontpanicgames.com\/fr\/\" target=\"_blank\" rel=\"noreferrer noopener\">Don&rsquo;t Panic Games<\/a> : <a href=\"https:\/\/desjeuxunefois.be\/index.php\/tag\/dontpanicgames\/\">Nos articles sur les jeux de ce partenaire<\/a>.<\/p>\n\n\n\n<p><a href=\"https:\/\/www.igiari.com\/\" target=\"_blank\" rel=\"noreferrer noopener\">Igiari<\/a> : <a href=\"https:\/\/desjeuxunefois.be\/index.php\/tag\/igiari\/\">Nos articles sur les jeux de ce partenaire<\/a>.<\/p>\n\n\n\n<p><a href=\"https:\/\/blueorangegames.eu\/fr\/\" target=\"_blank\" rel=\"noreferrer noopener\">Blue Orange<\/a> : <a href=\"https:\/\/desjeuxunefois.be\/index.php\/tag\/blue-orange\/\">Nos articles sur les jeux de ce partenaire<\/a>.<\/p>\n\n\n\n<p><a href=\"https:\/\/bluecocker.com\/\" target=\"_blank\" rel=\"noreferrer noopener\">Blue Cocker<\/a> : <a href=\"https:\/\/desjeuxunefois.be\/index.php\/tag\/blue-cocker\/\">Nos articles sur les jeux de ce partenaire<\/a>.<\/p>\n\n\n\n<p><a href=\"https:\/\/www.supermeeple.com\/\" target=\"_blank\" rel=\"noreferrer noopener\">Super Meeple<\/a> : <a href=\"https:\/\/desjeuxunefois.be\/index.php\/tag\/super-meeple\/\">Nos articles sur les jeux de ce partenaire<\/a>.<\/p>\n\n\n\n<p><a href=\"https:\/\/www.haba.de\/fr_BE\" target=\"_blank\" rel=\"noreferrer noopener\">Haba<\/a> : <a href=\"https:\/\/desjeuxunefois.be\/index.php\/tag\/haba\/\">Nos articles sur les jeux de ce partenaire<\/a>.<\/p>\n\n\n\n<p><a href=\"https:\/\/www.laboitedejeu.fr\/\">La Boite de Jeu<\/a> : <a href=\"https:\/\/desjeuxunefois.be\/index.php\/tag\/la-boite-de-jeu\">Nos articles sur les jeux de ce partenaire<\/a>.<\/p>\n\n\n\n<p><a href=\"https:\/\/www.hachetteboardgames.be\/home\">Hachette Boardgames<\/a> : <a href=\"https:\/\/desjeuxunefois.be\/index.php\/tag\/hachette-boardgame\">Nos articles sur les jeux de ce partenaire<\/a>.<\/p>\n\n\n\n<p><a href=\"https:\/\/captain.games\/fr\">Captain Games<\/a> : <a href=\"https:\/\/desjeuxunefois.be\/index.php\/tag\/captain-games\">Nos articles sur les jeux de ce partenaire<\/a>.<\/p>\n\n\n\n<p><a href=\"https:\/\/atmgaming.eu\/collections\/ambiance?srsltid=AfmBOorsO7V-cWWH1uE9SmSMEMTNBNT0-tjxcaW02BSaaV-vxOXdoPOR\">ATM Gaming<\/a> : <a href=\"https:\/\/desjeuxunefois.be\/index.php\/tag\/atm-gaming\">Nos articles sur les jeux de ce partenaire<\/a>. <\/p>\n\n\n\n<p><a href=\"https:\/\/francemurder.com\/\">France Murder<\/a> : <a href=\"https:\/\/desjeuxunefois.be\/index.php\/tag\/france-murder\">Nos articles sur les jeux de ce partenaire<\/a>.<\/p>\n\n\n\n<p><a href=\"https:\/\/homescapehome.com\/?gad_source=1&amp;gclid=EAIaIQobChMI-dHl_6TTiwMVBz4GAB0juzhbEAAYASAAEgLLi_D_BwE\">Home Scape Home<\/a> : <a href=\"https:\/\/desjeuxunefois.be\/index.php\/tag\/home-scape-home\">Nos articles sur les jeux de ce partenaire<\/a>.<\/p>\n\n\n\n<p>Toute personne ou organisme int\u00e9ress\u00e9 par un partenariat peut <a href=\"https:\/\/desjeuxunefois.be\/index.php\/contact\/\">nous contacter via notre formulaire<\/a>.<\/p>\n","protected":false},"excerpt":{"rendered":"<p class=\"text-justify\">Des Jeux Une Fois aime aussi r\u00e9unir autour d&rsquo;eux diff\u00e9rents acteurs du monde ludique pour vous servir au mieux. Que ce soit [&hellip;]<\/p>\n","protected":false},"author":2,"featured_media":28204,"parent":0,"menu_order":0,"comment_status":"closed","ping_status":"closed","template":"","meta":{"_exactmetrics_skip_tracking":false,"_exactmetrics_sitenote_active":false,"_exactmetrics_sitenote_note":"","_exactmetrics_sitenote_category":0,"footnotes":""},"ppma_author":[337],"class_list":["post-2189","page","type-page","status-publish","has-post-thumbnail","hentry"],"yoast_head":"<!-- This site is optimized with the Yoast SEO plugin v27.4 - https:\/\/yoast.com\/product\/yoast-seo-wordpress\/ -->\n<title>Nos partenaires - Des Jeux Une Fois<\/title>\n<meta name=\"description\" content=\"Listes des partenaires travaillant avec Des jeux une fois pour vous fournir de meilleures chroniques sur les meilleurs jeux\" \/>\n<meta name=\"robots\" content=\"index, follow, max-snippet:-1, max-image-preview:large, max-video-preview:-1\" \/>\n<link rel=\"canonical\" href=\"https:\/\/desjeuxunefois.be\/index.php\/nos-partenaires\/\" \/>\n<meta property=\"og:locale\" content=\"fr_FR\" \/>\n<meta property=\"og:type\" content=\"article\" \/>\n<meta property=\"og:title\" content=\"Nos partenaires - Des Jeux Une Fois\" \/>\n<meta property=\"og:description\" content=\"Listes des partenaires travaillant avec Des jeux une fois pour vous fournir de meilleures chroniques sur les meilleurs jeux\" \/>\n<meta property=\"og:url\" content=\"https:\/\/desjeuxunefois.be\/index.php\/nos-partenaires\/\" \/>\n<meta property=\"og:site_name\" content=\"Des Jeux Une Fois\" \/>\n<meta property=\"article:publisher\" content=\"https:\/\/www.facebook.com\/desjeuxunefois\" \/>\n<meta property=\"article:modified_time\" content=\"2025-02-20T23:05:58+00:00\" \/>\n<meta property=\"og:image\" content=\"https:\/\/desjeuxunefois.be\/wp-content\/uploads\/2025\/02\/Partnaires-10.png\" \/>\n\t<meta property=\"og:image:width\" content=\"1000\" \/>\n\t<meta property=\"og:image:height\" content=\"626\" \/>\n\t<meta property=\"og:image:type\" content=\"image\/png\" \/>\n<meta name=\"twitter:card\" content=\"summary_large_image\" \/>\n<meta name=\"twitter:site\" content=\"@DesJeuxUneFois\" \/>\n<script type=\"application\/ld+json\" class=\"yoast-schema-graph\">{\"@context\":\"https:\\\/\\\/schema.org\",\"@graph\":[{\"@type\":\"WebPage\",\"@id\":\"https:\\\/\\\/desjeuxunefois.be\\\/index.php\\\/nos-partenaires\\\/\",\"url\":\"https:\\\/\\\/desjeuxunefois.be\\\/index.php\\\/nos-partenaires\\\/\",\"name\":\"Nos partenaires - Des Jeux Une Fois\",\"isPartOf\":{\"@id\":\"https:\\\/\\\/desjeuxunefois.be\\\/#website\"},\"primaryImageOfPage\":{\"@id\":\"https:\\\/\\\/desjeuxunefois.be\\\/index.php\\\/nos-partenaires\\\/#primaryimage\"},\"image\":{\"@id\":\"https:\\\/\\\/desjeuxunefois.be\\\/index.php\\\/nos-partenaires\\\/#primaryimage\"},\"thumbnailUrl\":\"https:\\\/\\\/desjeuxunefois.be\\\/wp-content\\\/uploads\\\/2025\\\/02\\\/Partnaires-10.png\",\"datePublished\":\"2020-05-02T15:57:08+00:00\",\"dateModified\":\"2025-02-20T23:05:58+00:00\",\"description\":\"Listes des partenaires travaillant avec Des jeux une fois pour vous fournir de meilleures chroniques sur les meilleurs jeux\",\"breadcrumb\":{\"@id\":\"https:\\\/\\\/desjeuxunefois.be\\\/index.php\\\/nos-partenaires\\\/#breadcrumb\"},\"inLanguage\":\"fr-FR\",\"potentialAction\":[{\"@type\":\"ReadAction\",\"target\":[\"https:\\\/\\\/desjeuxunefois.be\\\/index.php\\\/nos-partenaires\\\/\"]}]},{\"@type\":\"ImageObject\",\"inLanguage\":\"fr-FR\",\"@id\":\"https:\\\/\\\/desjeuxunefois.be\\\/index.php\\\/nos-partenaires\\\/#primaryimage\",\"url\":\"https:\\\/\\\/desjeuxunefois.be\\\/wp-content\\\/uploads\\\/2025\\\/02\\\/Partnaires-10.png\",\"contentUrl\":\"https:\\\/\\\/desjeuxunefois.be\\\/wp-content\\\/uploads\\\/2025\\\/02\\\/Partnaires-10.png\",\"width\":1000,\"height\":626},{\"@type\":\"BreadcrumbList\",\"@id\":\"https:\\\/\\\/desjeuxunefois.be\\\/index.php\\\/nos-partenaires\\\/#breadcrumb\",\"itemListElement\":[{\"@type\":\"ListItem\",\"position\":1,\"name\":\"Accueil\",\"item\":\"https:\\\/\\\/desjeuxunefois.be\\\/\"},{\"@type\":\"ListItem\",\"position\":2,\"name\":\"Nos partenaires\"}]},{\"@type\":\"WebSite\",\"@id\":\"https:\\\/\\\/desjeuxunefois.be\\\/#website\",\"url\":\"https:\\\/\\\/desjeuxunefois.be\\\/\",\"name\":\"Des Jeux Une Fois\",\"description\":\"L&#039;actualit\u00e9 ludique belge une fois... mais pas que\",\"publisher\":{\"@id\":\"https:\\\/\\\/desjeuxunefois.be\\\/#organization\"},\"potentialAction\":[{\"@type\":\"SearchAction\",\"target\":{\"@type\":\"EntryPoint\",\"urlTemplate\":\"https:\\\/\\\/desjeuxunefois.be\\\/?s={search_term_string}\"},\"query-input\":{\"@type\":\"PropertyValueSpecification\",\"valueRequired\":true,\"valueName\":\"search_term_string\"}}],\"inLanguage\":\"fr-FR\"},{\"@type\":\"Organization\",\"@id\":\"https:\\\/\\\/desjeuxunefois.be\\\/#organization\",\"name\":\"Des Jeux Une Fois\",\"url\":\"https:\\\/\\\/desjeuxunefois.be\\\/\",\"logo\":{\"@type\":\"ImageObject\",\"inLanguage\":\"fr-FR\",\"@id\":\"https:\\\/\\\/desjeuxunefois.be\\\/#\\\/schema\\\/logo\\\/image\\\/\",\"url\":\"https:\\\/\\\/desjeuxunefois.be\\\/wp-content\\\/uploads\\\/2019\\\/12\\\/logo-djuf.jpg\",\"contentUrl\":\"https:\\\/\\\/desjeuxunefois.be\\\/wp-content\\\/uploads\\\/2019\\\/12\\\/logo-djuf.jpg\",\"width\":1600,\"height\":1600,\"caption\":\"Des Jeux Une Fois\"},\"image\":{\"@id\":\"https:\\\/\\\/desjeuxunefois.be\\\/#\\\/schema\\\/logo\\\/image\\\/\"},\"sameAs\":[\"https:\\\/\\\/www.facebook.com\\\/desjeuxunefois\",\"https:\\\/\\\/x.com\\\/DesJeuxUneFois\",\"https:\\\/\\\/www.instagram.com\\\/desjeuxunefois\",\"https:\\\/\\\/www.youtube.com\\\/channel\\\/UC81c64xxUGQhrJ5K6diqshg\",\"https:\\\/\\\/www.tiktok.com\\\/@desjeuxunefois\"]}]}<\/script>\n<!-- \/ Yoast SEO plugin. -->","yoast_head_json":{"title":"Nos partenaires - Des Jeux Une Fois","description":"Listes des partenaires travaillant avec Des jeux une fois pour vous fournir de meilleures chroniques sur les meilleurs jeux","robots":{"index":"index","follow":"follow","max-snippet":"max-snippet:-1","max-image-preview":"max-image-preview:large","max-video-preview":"max-video-preview:-1"},"canonical":"https:\/\/desjeuxunefois.be\/index.php\/nos-partenaires\/","og_locale":"fr_FR","og_type":"article","og_title":"Nos partenaires - Des Jeux Une Fois","og_description":"Listes des partenaires travaillant avec Des jeux une fois pour vous fournir de meilleures chroniques sur les meilleurs jeux","og_url":"https:\/\/desjeuxunefois.be\/index.php\/nos-partenaires\/","og_site_name":"Des Jeux Une Fois","article_publisher":"https:\/\/www.facebook.com\/desjeuxunefois","article_modified_time":"2025-02-20T23:05:58+00:00","og_image":[{"width":1000,"height":626,"url":"https:\/\/desjeuxunefois.be\/wp-content\/uploads\/2025\/02\/Partnaires-10.png","type":"image\/png"}],"twitter_card":"summary_large_image","twitter_site":"@DesJeuxUneFois","schema":{"@context":"https:\/\/schema.org","@graph":[{"@type":"WebPage","@id":"https:\/\/desjeuxunefois.be\/index.php\/nos-partenaires\/","url":"https:\/\/desjeuxunefois.be\/index.php\/nos-partenaires\/","name":"Nos partenaires - Des Jeux Une Fois","isPartOf":{"@id":"https:\/\/desjeuxunefois.be\/#website"},"primaryImageOfPage":{"@id":"https:\/\/desjeuxunefois.be\/index.php\/nos-partenaires\/#primaryimage"},"image":{"@id":"https:\/\/desjeuxunefois.be\/index.php\/nos-partenaires\/#primaryimage"},"thumbnailUrl":"https:\/\/desjeuxunefois.be\/wp-content\/uploads\/2025\/02\/Partnaires-10.png","datePublished":"2020-05-02T15:57:08+00:00","dateModified":"2025-02-20T23:05:58+00:00","description":"Listes des partenaires travaillant avec Des jeux une fois pour vous fournir de meilleures chroniques sur les meilleurs jeux","breadcrumb":{"@id":"https:\/\/desjeuxunefois.be\/index.php\/nos-partenaires\/#breadcrumb"},"inLanguage":"fr-FR","potentialAction":[{"@type":"ReadAction","target":["https:\/\/desjeuxunefois.be\/index.php\/nos-partenaires\/"]}]},{"@type":"ImageObject","inLanguage":"fr-FR","@id":"https:\/\/desjeuxunefois.be\/index.php\/nos-partenaires\/#primaryimage","url":"https:\/\/desjeuxunefois.be\/wp-content\/uploads\/2025\/02\/Partnaires-10.png","contentUrl":"https:\/\/desjeuxunefois.be\/wp-content\/uploads\/2025\/02\/Partnaires-10.png","width":1000,"height":626},{"@type":"BreadcrumbList","@id":"https:\/\/desjeuxunefois.be\/index.php\/nos-partenaires\/#breadcrumb","itemListElement":[{"@type":"ListItem","position":1,"name":"Accueil","item":"https:\/\/desjeuxunefois.be\/"},{"@type":"ListItem","position":2,"name":"Nos partenaires"}]},{"@type":"WebSite","@id":"https:\/\/desjeuxunefois.be\/#website","url":"https:\/\/desjeuxunefois.be\/","name":"Des Jeux Une Fois","description":"L&#039;actualit\u00e9 ludique belge une fois... mais pas que","publisher":{"@id":"https:\/\/desjeuxunefois.be\/#organization"},"potentialAction":[{"@type":"SearchAction","target":{"@type":"EntryPoint","urlTemplate":"https:\/\/desjeuxunefois.be\/?s={search_term_string}"},"query-input":{"@type":"PropertyValueSpecification","valueRequired":true,"valueName":"search_term_string"}}],"inLanguage":"fr-FR"},{"@type":"Organization","@id":"https:\/\/desjeuxunefois.be\/#organization","name":"Des Jeux Une Fois","url":"https:\/\/desjeuxunefois.be\/","logo":{"@type":"ImageObject","inLanguage":"fr-FR","@id":"https:\/\/desjeuxunefois.be\/#\/schema\/logo\/image\/","url":"https:\/\/desjeuxunefois.be\/wp-content\/uploads\/2019\/12\/logo-djuf.jpg","contentUrl":"https:\/\/desjeuxunefois.be\/wp-content\/uploads\/2019\/12\/logo-djuf.jpg","width":1600,"height":1600,"caption":"Des Jeux Une Fois"},"image":{"@id":"https:\/\/desjeuxunefois.be\/#\/schema\/logo\/image\/"},"sameAs":["https:\/\/www.facebook.com\/desjeuxunefois","https:\/\/x.com\/DesJeuxUneFois","https:\/\/www.instagram.com\/desjeuxunefois","https:\/\/www.youtube.com\/channel\/UC81c64xxUGQhrJ5K6diqshg","https:\/\/www.tiktok.com\/@desjeuxunefois"]}]}},"jetpack_sharing_enabled":true,"jetpack_likes_enabled":true,"jetpack_shortlink":"https:\/\/wp.me\/PbwFH6-zj","_links":{"self":[{"href":"https:\/\/desjeuxunefois.be\/index.php\/wp-json\/wp\/v2\/pages\/2189","targetHints":{"allow":["GET"]}}],"collection":[{"href":"https:\/\/desjeuxunefois.be\/index.php\/wp-json\/wp\/v2\/pages"}],"about":[{"href":"https:\/\/desjeuxunefois.be\/index.php\/wp-json\/wp\/v2\/types\/page"}],"author":[{"embeddable":true,"href":"https:\/\/desjeuxunefois.be\/index.php\/wp-json\/wp\/v2\/users\/2"}],"replies":[{"embeddable":true,"href":"https:\/\/desjeuxunefois.be\/index.php\/wp-json\/wp\/v2\/comments?post=2189"}],"version-history":[{"count":5,"href":"https:\/\/desjeuxunefois.be\/index.php\/wp-json\/wp\/v2\/pages\/2189\/revisions"}],"predecessor-version":[{"id":28205,"href":"https:\/\/desjeuxunefois.be\/index.php\/wp-json\/wp\/v2\/pages\/2189\/revisions\/28205"}],"wp:featuredmedia":[{"embeddable":true,"href":"https:\/\/desjeuxunefois.be\/index.php\/wp-json\/wp\/v2\/media\/28204"}],"wp:attachment":[{"href":"https:\/\/desjeuxunefois.be\/index.php\/wp-json\/wp\/v2\/media?parent=2189"}],"wp:term":[{"taxonomy":"author","embeddable":true,"href":"https:\/\/desjeuxunefois.be\/index.php\/wp-json\/wp\/v2\/ppma_author?post=2189"}],"curies":[{"name":"wp","href":"https:\/\/api.w.org\/{rel}","templated":true}]}}